{"id":1316,"date":"2017-10-16T04:10:26","date_gmt":"2017-10-16T04:10:26","guid":{"rendered":"http:\/\/ninzio.com\/bauer\/?page_id=1316"},"modified":"2024-08-01T21:50:37","modified_gmt":"2024-08-01T18:50:37","slug":"kurumsal","status":"publish","type":"page","link":"https:\/\/abfinsaat.com\/index.php\/kurumsal\/","title":{"rendered":"Kurumsal"},"content":{"rendered":"<div class=\"wpb-content-wrapper\"><p>[vc_row css=&#8221;.vc_custom_1558754119849{background-image: url(https:\/\/abfinsaat.com\/wp-content\/uploads\/2019\/05\/main-bg-1.png?id=8860) !important;background-position: center !important;background-repeat: no-repeat !important;background-size: cover !important;}&#8221; el_id=&#8221;first-row&#8221;][vc_column]\r\n\t<div class=\"bauer-spacer clearfix\" data-desktop=\"94\" data-mobi=\"60\" data-smobi=\"60\"><\/div>[vc_row_inner][vc_column_inner width=&#8221;1\/2&#8243;]<div class=\"bauer-single-heading clearfix \" style=\"margin-bottom:25px;\"><span class=\"inner\"><span class=\"heading clearfix \" style=\"font-weight:600;color:#cacaca;font-size:16px;\">\r\n\t\tABF \u0130N\u015eAAT'a Ho\u015f Geldiniz\r\n\t<\/span><\/span><\/div><h2 class=\"bauer-text clearfix \" style=\"font-size:42px;line-height:50px;margin-bottom:32px;\"><p><span class=\"font-weight-300\">Neden<\/span> B\u0130Z?<\/p>\n<\/h2><div class=\"bauer-text clearfix \" style=\"font-size:18px;line-height:30px;color:#414042;margin-bottom:34px;\"><div aria-disabled=\"false\" role=\"button\" tabindex=\"0\"><span class=\"_ap3a _aaco _aacu _aacx _aad7 _aade\" dir=\"auto\">Sizin i\u00e7in, i\u015finizin kalitesi, bizim i\u00e7in, sizin memnuniyetiniz.<\/span><\/div>\n<h1 class=\"_ap3a _aaco _aacu _aacy _aad6 _aade\" dir=\"auto\"><\/h1>\n<\/div><div class=\"bauer-text clearfix \" style=\"\"><p><strong>ABF GAYR\u0130MENKUL YATIRIM \u0130N\u015eAAT SANAY\u0130 VE T\u0130CARET L\u0130M\u0130TED \u015e\u0130RKET\u0130<\/strong>, \u00fcst\u00fcn kaliteli ve yenilik\u00e7i projeleri ile in\u015faat sekt\u00f6r\u00fcnde \u00f6nde gelen bir firmad\u0131r. Kuruldu\u011fu g\u00fcnden bu yana m\u00fc\u015fteri memnuniyetini ve kaliteyi \u00f6ncelikli olarak benimseyen firma, geni\u015f bir portf\u00f6y ile bir\u00e7ok ba\u015far\u0131l\u0131 projeye imza atm\u0131\u015ft\u0131r.<\/p>\n<p>ABF GAYR\u0130MENKUL YATIRIM \u0130N\u015eAAT SANAY\u0130 VE T\u0130CARET L\u0130M\u0130TED \u015e\u0130RKET\u0130, in\u015faat sekt\u00f6r\u00fcnde geni\u015f bir deneyime sahip profesyonel bir ekip taraf\u0131ndan y\u00f6netilmekte olup, her proje kapsam\u0131nda en iyi hizmeti sunma amac\u0131 g\u00fctmektedir. M\u00fc\u015fteri odakl\u0131 \u00e7al\u0131\u015fma prensibiyle hareket eden firmam\u0131z, her projede m\u00fc\u015fteri beklentilerini en \u00fcst d\u00fczeyde kar\u015f\u0131lamay\u0131 hedeflemektedir.<\/p>\n<p>Kalite, g\u00fcvenilirlik ve profesyonellik firmam\u0131z\u0131n temel de\u011ferlerindendir. T\u00fcm projelerimizde y\u00fcksek kaliteli malzeme ve ekipmanlar\u0131 kullanarak, m\u00fc\u015fterilerimize en iyi sonu\u00e7lar\u0131 sunmay\u0131 ama\u00e7l\u0131yoruz. Bunun yan\u0131 s\u0131ra, \u00e7evreye duyarl\u0131 bir anlay\u0131\u015fla hareket ederek, s\u00fcrd\u00fcr\u00fclebilir \u00e7\u00f6z\u00fcmler \u00fcretmeye ve do\u011fal kaynaklar\u0131 korumaya \u00f6zen g\u00f6steriyoruz.<\/p>\n<p>M\u00fc\u015fteri memnuniyeti firmam\u0131z\u0131n en \u00f6nemli \u00f6nceli\u011fidir. Her bir proje kapsam\u0131nda, m\u00fc\u015fterilerimizle yak\u0131n bir ileti\u015fim i\u00e7erisinde olup, onlar\u0131n taleplerini kar\u015f\u0131lamak i\u00e7in titizlikle \u00e7al\u0131\u015fmaktay\u0131z. Her bir proje, firmam\u0131z\u0131n kalite standartlar\u0131na uygun bir \u015fekilde zaman\u0131nda ve en iyi \u015fekilde tamamlanmaktad\u0131r.<\/p>\n<p>ABF GAYR\u0130MENKUL YATIRIM \u0130N\u015eAAT SANAY\u0130 VE T\u0130CARET L\u0130M\u0130TED \u015e\u0130RKET\u0130 olarak, sekt\u00f6rdeki \u00f6nc\u00fc konumumuzu ve tecr\u00fcbemizi her ge\u00e7en g\u00fcn daha da ileriye ta\u015f\u0131may\u0131 hedefliyoruz. Gelecekte de inovasyon ve kaliteden \u00f6d\u00fcn vermeden, m\u00fc\u015fteri memnuniyeti odakl\u0131 projelere imza atarak sekt\u00f6rdeki liderli\u011fimizi s\u00fcrd\u00fcrmek istiyoruz. Sizleri de projelerimizde g\u00f6rmekten mutluluk duyaca\u011f\u0131m\u0131z\u0131 belirtmek isteriz.<\/p>\n<\/div>\r\n\t<div class=\"bauer-spacer clearfix\" data-desktop=\"60\" data-mobi=\"30\" data-smobi=\"30\"><\/div>[\/vc_column_inner][vc_column_inner width=&#8221;1\/2&#8243;]\r\n\t<div class=\"bauer-spacer clearfix\" data-desktop=\"55\" data-mobi=\"40\" data-smobi=\"40\"><\/div><div class=\"bauer-simple-image text-center\" style=\"\" >\r\n\t\t\t<img decoding=\"async\" alt=\"image\" src=\"https:\/\/abfinsaat.com\/wp-content\/uploads\/2024\/08\/abf-insaat-06.jpg\" \/> \r\n\t\t<\/div>[\/vc_column_inner][\/vc_row_inner]\r\n\t<div class=\"bauer-spacer clearfix\" data-desktop=\"100\" data-mobi=\"60\" data-smobi=\"60\"><\/div>[\/vc_column][\/vc_row][vc_row css=&#8221;.vc_custom_1557825100635{background-image: url(http:\/\/ninzio.com\/bauer\/wp-content\/uploads\/2019\/05\/section-bg1-2.png?id=8072) !important;background-position: center !important;background-repeat: no-repeat !important;background-size: cover !important;}&#8221;][vc_column][vc_row_inner][vc_column_inner width=&#8221;1\/2&#8243;]<div class=\"bauer-single-heading clearfix \" style=\"margin-bottom:25px;\"><span class=\"inner\"><span class=\"heading clearfix \" style=\"font-weight:600;color:#777777;font-size:16px;\">\r\n\t\tDE\u011eERLER\u0130M\u0130Z\r\n\t<\/span><\/span><\/div><h2 class=\"bauer-text clearfix \" style=\"font-size:42px;line-height:50px;color:#030f27;\"><p><span class=\"font-weight-300\">En <\/span> De\u011ferli <span class=\"font-weight-300\">Kazanc\u0131m\u0131z<\/span> Memnuniyetiniz!<\/p>\n<\/h2>[\/vc_column_inner][vc_column_inner width=&#8221;1\/2&#8243;]\r\n\t<div class=\"bauer-spacer clearfix\" data-desktop=\"52\" data-mobi=\"30\" data-smobi=\"30\"><\/div><div class=\"bauer-text clearfix \" style=\"font-size:18px;line-height:30px;color:#414042;\"><\/div>\r\n\t<div class=\"bauer-accordions accordions\"><div class=\"accordion-item style-1\" style=\"margin-bottom:10px;\"><h3 class=\"accordion-heading\" style=\"\">\r\n\t\t\t<span class=\"inner\" style=\"\">\r\n\t\t\t\tKalite\r\n\t\t\t<\/span>\r\n\t\t<\/h3><div class=\"accordion-content\" style=\"\"><p>ABF Yat\u0131r\u0131m \u0130n\u015faat, her proje kapsam\u0131nda y\u00fcksek kaliteli malzeme ve ekipmanlar\u0131 kullanarak m\u00fc\u015fterilerine en iyi sonu\u00e7lar\u0131 sunmay\u0131 hedeflemektedir. Kalite standartlar\u0131na uygun \u015fekilde projelerin tamamlanmas\u0131 m\u00fc\u015fterilerin g\u00fcvenini kazanmaktad\u0131r.ABF Yat\u0131r\u0131m \u0130n\u015faat, her proje kapsam\u0131nda y\u00fcksek kaliteli malzeme ve ekipmanlar\u0131 kullanarak m\u00fc\u015fterilerine en iyi sonu\u00e7lar\u0131 sunmay\u0131 hedeflemektedir. Kalite standartlar\u0131na uygun \u015fekilde projelerin tamamlanmas\u0131 m\u00fc\u015fterilerin g\u00fcvenini kazanmaktad\u0131r.<\/p>\n<\/div><\/div><div class=\"accordion-item style-1\" style=\"margin-bottom:10px;\"><h3 class=\"accordion-heading\" style=\"\">\r\n\t\t\t<span class=\"inner\" style=\"\">\r\n\t\t\t\tM\u00fc\u015fteri Odakl\u0131 Yakla\u015f\u0131m\r\n\t\t\t<\/span>\r\n\t\t<\/h3><div class=\"accordion-content\" style=\"\"><p>Firman\u0131n m\u00fc\u015fteri odakl\u0131 \u00e7al\u0131\u015fma prensibi sayesinde, her projede m\u00fc\u015fteri beklentilerini en \u00fcst d\u00fczeyde kar\u015f\u0131lamay\u0131 hedeflemektedir. M\u00fc\u015fterilere yak\u0131n ileti\u015fim i\u00e7inde olup, onlar\u0131n taleplerine \u00f6zen g\u00f6stermektedir.<\/p>\n<\/div><\/div><div class=\"accordion-item style-1\" style=\"margin-bottom:10px;\"><h3 class=\"accordion-heading\" style=\"\">\r\n\t\t\t<span class=\"inner\" style=\"\">\r\n\t\t\t\tProfesyonellik\r\n\t\t\t<\/span>\r\n\t\t<\/h3><div class=\"accordion-content\" style=\"\"><p>Geni\u015f bir deneyime sahip profesyonel bir ekip taraf\u0131ndan y\u00f6netilen firma, her projeye profesyonel bir yakla\u015f\u0131m sergileyerek m\u00fc\u015fterilerin memnuniyetini sa\u011flamaktad\u0131r.<\/p>\n<\/div><\/div><div class=\"accordion-item style-1\" style=\"margin-bottom:10px;\"><h3 class=\"accordion-heading\" style=\"\">\r\n\t\t\t<span class=\"inner\" style=\"\">\r\n\t\t\t\t\u00c7evreye Duyarl\u0131l\u0131k\r\n\t\t\t<\/span>\r\n\t\t<\/h3><div class=\"accordion-content\" style=\"\"><p>ABF Yat\u0131r\u0131m \u0130n\u015faat, \u00e7evreye sayg\u0131l\u0131 bir anlay\u0131\u015fla hareket ederek, s\u00fcrd\u00fcr\u00fclebilir \u00e7\u00f6z\u00fcmler \u00fcretmeye ve do\u011fal kaynaklar\u0131 korumaya \u00f6zen g\u00f6stermektedir. Bu da \u00e7evre dostu projelerde yer almak isteyen m\u00fc\u015fteriler taraf\u0131ndan tercih edilme sebeplerinden biridir.<\/p>\n<\/div><\/div><div class=\"accordion-item style-1\" style=\"margin-bottom:10px;\"><h3 class=\"accordion-heading\" style=\"\">\r\n\t\t\t<span class=\"inner\" style=\"\">\r\n\t\t\t\t\u0130novasyon ve Gelecek Odakl\u0131l\u0131k\r\n\t\t\t<\/span>\r\n\t\t<\/h3><div class=\"accordion-content\" style=\"\"><p>Firma, sekt\u00f6rdeki \u00f6nc\u00fc konumunu s\u00fcrd\u00fcrmek i\u00e7in s\u00fcrekli inovasyon ve kaliteden \u00f6d\u00fcn vermeden, m\u00fc\u015fteri memnuniyeti odakl\u0131 projelere imza atmaktad\u0131r. Bu da gelecekteki projelerde tercih edilme sebepleri aras\u0131nda yer almaktad\u0131r.<\/p>\n<\/div><\/div><\/div>[\/vc_column_inner][\/vc_row_inner]<div class=\"bauer-text clearfix \" style=\"font-size:18px;line-height:30px;color:#414042;\"><p>Bu sebeplerle, m\u00fc\u015fterilerimiz <strong>ABF GAYR\u0130MENKUL YATIRIM \u0130N\u015eAAT SANAY\u0130 VE T\u0130CARET L\u0130M\u0130TED \u015e\u0130RKET\u0130<\/strong>&#8216;\u0131 kalitesi, m\u00fc\u015fteri odakl\u0131 yakla\u015f\u0131m\u0131, profesyonelli\u011fi, \u00e7evreye duyarl\u0131l\u0131\u011f\u0131 ve gelecek odakl\u0131l\u0131\u011f\u0131 nedeniyle tercih etmektedirler.<\/p>\n<\/div>\r\n\t<div class=\"bauer-spacer clearfix\" data-desktop=\"70\" data-mobi=\"50\" data-smobi=\"50\"><\/div><div class=\"bauer-single-heading clearfix \" style=\"margin-bottom:25px;\"><span class=\"inner\"><span class=\"heading clearfix \" style=\"font-weight:600;color:#777777;font-size:16px;\">\r\n\t\tM\u0130SYON - V\u0130ZYON\r\n\t<\/span><\/span><\/div>[vc_row_inner][vc_column_inner width=&#8221;1\/3&#8243;]<div class=\"bauer-icon-box clearfix icon-left align-left hover-style-1 simple\" style=\"background-color:#ffffff;padding:25px 25px 27px;border-radius:5px;border:1px solid #e7e7e7;\" ><div class=\"hover\" style=\"border-radius:5px;background-image:url(https:\/\/abfinsaat.com\/wp-content\/uploads\/2019\/05\/iconbox-small-bg1.jpg);\"><\/div><div class=\"wrap-inner\" style=\"position: relative;\"><div class=\"bauer-icon icon-1847805795 accent custom\"  data-background=\"\">\r\n\t\t\t\t<span class=\"icon\" style=\"font-size:50px;width:50px;height:50px;border-style:solid;line-height:50px;\"><i class=\"entypo-icon entypo-icon-mixi\"><\/i><\/span>\r\n\t\t\t<\/div> <h3 class=\"heading \" style=\"padding-left:75px;font-size:20px;line-height:24px;margin-bottom:12px;\">\r\n\t\t\t<span>Misyonumuz<\/span>\r\n\t\t<\/h3><div class=\"desc\" style=\"padding-left:75px;\"><p><span>Y\u00fcksek kalite standartlar\u0131na sahip, \u00e7evre dostu ve teknolojik a\u00e7\u0131dan \u00f6nc\u00fc projeler geli\u015ftirerek, sekt\u00f6re \u00f6rnek te\u015fkil etmektir. Ayr\u0131ca, toplumsal de\u011ferlere sayg\u0131l\u0131, sosyal sorumluluk bilinci y\u00fcksek bir kurum olarak faaliyet g\u00f6stermek de \u00f6nceliklerimiz aras\u0131ndad\u0131r.<\/span><\/p>\n<\/div> <div class=\"hover\" style=\"border-radius:5px;background-image:url(https:\/\/abfinsaat.com\/wp-content\/uploads\/2019\/05\/iconbox-small-bg1.jpg);\"><\/div><\/div><\/div>\r\n\t<div class=\"bauer-spacer clearfix\" data-desktop=\"0\" data-mobi=\"30\" data-smobi=\"30\"><\/div>[\/vc_column_inner][vc_column_inner width=&#8221;1\/3&#8243;]<div class=\"bauer-icon-box clearfix icon-left align-left hover-style-1 simple\" style=\"background-color:#ffffff;padding:25px 25px 27px;border-radius:5px;border:1px solid #e7e7e7;\" ><div class=\"hover\" style=\"border-radius:5px;background-image:url(https:\/\/abfinsaat.com\/wp-content\/uploads\/2019\/05\/iconbox-small-bg2.jpg);\"><\/div><div class=\"wrap-inner\" style=\"position: relative;\"><div class=\"bauer-icon icon-1552529953 accent custom\"  data-background=\"\">\r\n\t\t\t\t<span class=\"icon\" style=\"font-size:50px;width:50px;height:50px;border-style:solid;line-height:50px;\"><i class=\"entypo-icon entypo-icon-vimeo-circled\"><\/i><\/span>\r\n\t\t\t<\/div> <h3 class=\"heading \" style=\"padding-left:75px;font-size:20px;line-height:24px;margin-bottom:12px;\">\r\n\t\t\t<span>Vizyonumuz<\/span>\r\n\t\t<\/h3><div class=\"desc\" style=\"padding-left:75px;\"><p><span>\u00dclkemizin \u00f6nc\u00fc ve yenilik\u00e7i in\u015faat firmalar\u0131 aras\u0131nda yer almak ve sekt\u00f6rde \u00f6nc\u00fc rol oynamakt\u0131r. Bu kapsamda, m\u00fc\u015fteri memnuniyetini \u00f6n planda tutarak, proje kalitesi ve y\u00f6netiminde s\u00fcrekli iyile\u015ftirmeler ger\u00e7ekle\u015ftirmeyi hedefliyoruz.<\/span><\/p>\n<p>&nbsp;<\/p>\n<\/div> <div class=\"hover\" style=\"border-radius:5px;background-image:url(https:\/\/abfinsaat.com\/wp-content\/uploads\/2019\/05\/iconbox-small-bg2.jpg);\"><\/div><\/div><\/div>\r\n\t<div class=\"bauer-spacer clearfix\" data-desktop=\"0\" data-mobi=\"30\" data-smobi=\"30\"><\/div>[\/vc_column_inner][vc_column_inner width=&#8221;1\/3&#8243;]<div class=\"bauer-icon-box clearfix icon-left align-left hover-style-1 simple\" style=\"background-color:#ffffff;padding:25px 25px 27px;border-radius:5px;border:1px solid #e7e7e7;\" ><div class=\"hover\" style=\"border-radius:5px;background-image:url(https:\/\/abfinsaat.com\/wp-content\/uploads\/2019\/05\/iconbox-small-bg3.jpg);\"><\/div><div class=\"wrap-inner\" style=\"position: relative;\"><div class=\"bauer-icon icon-1668843112 accent custom\"  data-background=\"\">\r\n\t\t\t\t<span class=\"icon\" style=\"font-size:50px;width:50px;height:50px;border-style:solid;line-height:50px;\"><i class=\"entypo-icon entypo-icon-export\"><\/i><\/span>\r\n\t\t\t<\/div> <h3 class=\"heading \" style=\"padding-left:75px;font-size:20px;line-height:24px;margin-bottom:12px;\">\r\n\t\t\t<span>Felsefemiz<\/span>\r\n\t\t<\/h3><div class=\"desc\" style=\"padding-left:75px;\"><p><span>S\u00fcrd\u00fcr\u00fclebilir ve \u00e7evreye duyarl\u0131 bir yakla\u015f\u0131mla hareket etmektir. Firmam\u0131z, her projesinde enerji verimlili\u011fi, geri d\u00f6n\u00fc\u015f\u00fcm ve at\u0131k y\u00f6netimi konular\u0131na \u00f6nem vermekte ve bu do\u011frultuda yenilik\u00e7i \u00e7\u00f6z\u00fcmler \u00fcretmektedir. Ayr\u0131ca, sosyal sorumluluk bilinci \u00e7er\u00e7evesinde, toplumun refah\u0131na katk\u0131 sa\u011flayacak faaliyetleri de hayata ge\u00e7irmektedir.<\/span><\/p>\n<p>&nbsp;<\/p>\n<\/div> <div class=\"hover\" style=\"border-radius:5px;background-image:url(https:\/\/abfinsaat.com\/wp-content\/uploads\/2019\/05\/iconbox-small-bg3.jpg);\"><\/div><\/div><\/div>[\/vc_column_inner][\/vc_row_inner]\r\n\t<div class=\"bauer-spacer clearfix\" data-desktop=\"50\" data-mobi=\"20\" data-smobi=\"20\"><\/div>[\/vc_column][\/vc_row][vc_row css=&#8221;.vc_custom_1707720340850{background: #f7f9fa url(https:\/\/abfinsaat.com\/wp-content\/uploads\/2019\/05\/footer-bg-full.jpg?id=8878) !important;background-position: 0 0 !important;background-repeat: no-repeat !important;}&#8221;][vc_column]\r\n\t<div class=\"bauer-spacer clearfix\" data-desktop=\"50\" data-mobi=\"30\" data-smobi=\"30\"><\/div><div class=\"bauer-single-heading clearfix text-center\" style=\"margin-bottom:24px;\"><span class=\"inner\"><span class=\"heading clearfix \" style=\"font-weight:600;color:#777777;font-size:16px;\">\r\n\t\tM\u00dc\u015eTER\u0130 YORUMLARI\r\n\t<\/span><\/span><\/div><h2 class=\"bauer-text clearfix text-center\" style=\"font-size:42px;line-height:50px;margin-bottom:30px;max-width:530px;margin-left: auto; margin-right: auto;\"><p><span class=\"font-weight-300\">M\u00fc\u015fterilerimizin<\/span> Hakk\u0131m\u0131zda <span class=\"font-weight-300\">D\u00fc\u015f\u00fcnd\u00fckleri<\/span><\/p>\n<\/h2><div class=\"bauer-text clearfix text-center\" style=\"font-size:18px;line-height:30px;color:#414042;max-width:570px;margin-left: auto; margin-right: auto;\"><p>En iyi reklam\u0131 memnun m\u00fc\u015fteriler yapar. Y\u0131llar\u0131n tecrubesi ile kazand\u0131\u011f\u0131m\u0131z en b\u00fcy\u00fck de\u011ferimiz, memnun m\u00fc\u015fterilerimizdir.<\/p>\n<\/div>\r\n\t<div class=\"bauer-spacer clearfix\" data-desktop=\"65\" data-mobi=\"40\" data-smobi=\"40\"><\/div>[vc_row_inner][vc_column_inner width=&#8221;1\/3&#8243;][\/vc_column_inner][vc_column_inner width=&#8221;2\/3&#8243;]<div class=\"bauer-carousel-box arrow-style-1 arrow-center offsetcenter offset-v0 arrow50\" data-auto=\"false\" data-loop=\"false\" data-gap=\"30\" data-column=\"2\" data-column2=\"2\" data-column3=\"1\">\r\n        <div class=\"owl-carousel owl-theme\"><div class=\"bauer-testimonials light clearfix style-1 simple\" style=\"\">\r\n        <div class=\"inner\" style=\"padding:38px 30px 30px 30px;border-radius:5px;\">\r\n\t    <div class=\"image-wrap\">\r\n\t    \t<div class=\"thumb\" style=\"max-width:100px;margin-bottom:26px;\"><img loading=\"lazy\" decoding=\"async\" width=\"412\" height=\"412\" src=\"https:\/\/abfinsaat.com\/wp-content\/uploads\/2024\/05\/Esmanur-YIGIT.png\" class=\"attachment-full size-full\" alt=\"\" srcset=\"https:\/\/abfinsaat.com\/wp-content\/uploads\/2024\/05\/Esmanur-YIGIT.png 412w, https:\/\/abfinsaat.com\/wp-content\/uploads\/2024\/05\/Esmanur-YIGIT-300x300.png 300w, https:\/\/abfinsaat.com\/wp-content\/uploads\/2024\/05\/Esmanur-YIGIT-150x150.png 150w, https:\/\/abfinsaat.com\/wp-content\/uploads\/2024\/05\/Esmanur-YIGIT-140x140.png 140w\" sizes=\"auto, (max-width: 412px) 100vw, 412px\" \/><\/div>\r\n\t    <\/div>\r\n\t    <div class=\"name-wrap\" style=\"margin-bottom:18px;\">\r\n\t    \t<div class=\"name-pos\" style=\"\"><h6 class=\"name\" style=\"\"><span>Esmanur Y\u0130\u011e\u0130T<\/span><\/h6> <span class=\"position\" style=\"\">, Elite Build Mimarl\u0131k Ofisi<\/span><\/div>\r\n\t    <\/div>\r\n\t    <div class=\"text-wrap\">\r\n\t    <blockquote class=\"text\" style=\"font-style:normal;\"><p style=\"margin-bottom: 32px; font-size: 14px; line-height: 25px;\">&#8220;5 y\u0131ll\u0131k partnerli\u011fi boyunca ABF \u0130n\u015faat, Fatih Beyden tam destek g\u00f6rd\u00fck. Bizi ve temsil etti\u011fimiz m\u00fc\u015fterilerimizi en memnun eden \u00f6zelliklerinin ba\u015f\u0131nda; zaman\u0131nda i\u015f teslimi ve kaliteden \u00f6d\u00fcn vermeyen politkalar\u0131. Te\u015fekk\u00fcr ederiz. &#8220;<\/p>\n<\/blockquote>\r\n\t    <\/div>\r\n    <\/div>\r\n    <\/div><div class=\"bauer-testimonials light clearfix style-1 simple\" style=\"\">\r\n        <div class=\"inner\" style=\"padding:38px 30px 30px 30px;border-radius:5px;\">\r\n\t    <div class=\"image-wrap\">\r\n\t    \t<div class=\"thumb\" style=\"max-width:100px;margin-bottom:26px;\"><img loading=\"lazy\" decoding=\"async\" width=\"408\" height=\"414\" src=\"https:\/\/abfinsaat.com\/wp-content\/uploads\/2024\/05\/selami-yolbulan.png\" class=\"attachment-full size-full\" alt=\"\" srcset=\"https:\/\/abfinsaat.com\/wp-content\/uploads\/2024\/05\/selami-yolbulan.png 408w, https:\/\/abfinsaat.com\/wp-content\/uploads\/2024\/05\/selami-yolbulan-296x300.png 296w\" sizes=\"auto, (max-width: 408px) 100vw, 408px\" \/><\/div>\r\n\t    <\/div>\r\n\t    <div class=\"name-wrap\" style=\"margin-bottom:18px;\">\r\n\t    \t<div class=\"name-pos\" style=\"\"><h6 class=\"name\" style=\"\"><span>Selami YOLBULAN<\/span><\/h6> <span class=\"position\" style=\"\">\u0130n\u015faat M\u00fchendisi<\/span><\/div>\r\n\t    <\/div>\r\n\t    <div class=\"text-wrap\">\r\n\t    <blockquote class=\"text\" style=\"font-style:normal;\"><p style=\"margin-bottom: 32px; font-size: 14px; line-height: 25px;\">&#8220;ABF \u0130n\u015faat Dan\u0131\u015fman\u0131 CLD analizi konusunda harika bir i\u015f \u00e7\u0131kard\u0131. Bu bize harika bir fikir verdi ve b\u00fcy\u00fcd\u00fck\u00e7e daha iyi kararlar almam\u0131za yard\u0131mc\u0131 olmaya devam edecek. Bu birka\u00e7 hafta s\u00fcrd\u00fc ve ek sorular nedeniyle bir\u00e7ok revizyon yap\u0131ld\u0131. &#8220;Ne kadar harika bir i\u015f yapt\u0131\u011f\u0131n\u0131&#8221; bildi\u011finden emin olmak istedim!&#8221;<\/p>\n<p>&nbsp;<\/p>\n<\/blockquote>\r\n\t    <\/div>\r\n    <\/div>\r\n    <\/div><\/div>\r\n\t<\/div>[\/vc_column_inner][\/vc_row_inner]\r\n\t<div class=\"bauer-spacer clearfix\" data-desktop=\"175\" data-mobi=\"135\" data-smobi=\"135\"><\/div>[\/vc_column][\/vc_row]<\/p>\n<\/div>","protected":false},"excerpt":{"rendered":"<p>[vc_row css=&#8221;.vc_custom_1558754119849{background-image: url(https:\/\/abfinsaat.com\/wp-content\/uploads\/2019\/05\/main-bg-1.png?id=8860) !important;background-position: center !important;background-repeat: no-repeat !important;background-size: cover !important;}&#8221; el_id=&#8221;first-row&#8221;][vc_column][vc_row_inner][vc_column_inner width=&#8221;1\/2&#8243;][\/vc_column_inner][vc_column_inner width=&#8221;1\/2&#8243;][\/vc_column_inner][\/vc_row_inner][\/vc_column][\/vc_row][vc_row css=&#8221;.vc_custom_1557825100635{background-image: url(http:\/\/ninzio.com\/bauer\/wp-content\/uploads\/2019\/05\/section-bg1-2.png?id=8072) !important;background-position: center !important;background-repeat: no-repeat !important;background-size: cover !important;}&#8221;][vc_column][vc_row_inner][vc_column_inner width=&#8221;1\/2&#8243;][\/vc_column_inner][vc_column_inner width=&#8221;1\/2&#8243;][\/vc_column_inner][\/vc_row_inner][vc_row_inner][vc_column_inner width=&#8221;1\/3&#8243;][\/vc_column_inner][vc_column_inner width=&#8221;1\/3&#8243;][\/vc_column_inner][vc_column_inner width=&#8221;1\/3&#8243;][\/vc_column_inner][\/vc_row_inner][\/vc_column][\/vc_row][vc_row css=&#8221;.vc_custom_1707720340850{background: #f7f9fa url(https:\/\/abfinsaat.com\/wp-content\/uploads\/2019\/05\/footer-bg-full.jpg?id=8878) !important;background-position: 0 0 !important;background-repeat: no-repeat !important;}&#8221;][vc_column][vc_row_inner][vc_column_inner width=&#8221;1\/3&#8243;][\/vc_column_inner][vc_column_inner width=&#8221;2\/3&#8243;][\/vc_column_inner][\/vc_row_inner][\/vc_column][\/vc_row]<\/p>\n","protected":false},"author":1,"featured_media":0,"parent":0,"menu_order":0,"comment_status":"closed","ping_status":"closed","template":"","meta":{"_joinchat":[],"footnotes":""},"class_list":["post-1316","page","type-page","status-publish","hentry"],"aioseo_notices":[],"_links":{"self":[{"href":"https:\/\/abfinsaat.com\/index.php\/wp-json\/wp\/v2\/pages\/1316","targetHints":{"allow":["GET"]}}],"collection":[{"href":"https:\/\/abfinsaat.com\/index.php\/wp-json\/wp\/v2\/pages"}],"about":[{"href":"https:\/\/abfinsaat.com\/index.php\/wp-json\/wp\/v2\/types\/page"}],"author":[{"embeddable":true,"href":"https:\/\/abfinsaat.com\/index.php\/wp-json\/wp\/v2\/users\/1"}],"replies":[{"embeddable":true,"href":"https:\/\/abfinsaat.com\/index.php\/wp-json\/wp\/v2\/comments?post=1316"}],"version-history":[{"count":4,"href":"https:\/\/abfinsaat.com\/index.php\/wp-json\/wp\/v2\/pages\/1316\/revisions"}],"predecessor-version":[{"id":9925,"href":"https:\/\/abfinsaat.com\/index.php\/wp-json\/wp\/v2\/pages\/1316\/revisions\/9925"}],"wp:attachment":[{"href":"https:\/\/abfinsaat.com\/index.php\/wp-json\/wp\/v2\/media?parent=1316"}],"curies":[{"name":"wp","href":"https:\/\/api.w.org\/{rel}","templated":true}]}}