{"id":1326,"date":"2017-10-16T13:06:09","date_gmt":"2017-10-16T13:06:09","guid":{"rendered":"http:\/\/ninzio.com\/bauer\/?page_id=1326"},"modified":"2024-08-01T14:36:27","modified_gmt":"2024-08-01T11:36:27","slug":"faaliyet-alani","status":"publish","type":"page","link":"https:\/\/abfinsaat.com\/index.php\/faaliyet-alani\/","title":{"rendered":"Faaliyet Alan\u0131"},"content":{"rendered":"<div class=\"wpb-content-wrapper\"><p>[vc_row css=&#8221;.vc_custom_1558595409249{background-image: url(http:\/\/ninzio.com\/bauer\/wp-content\/uploads\/2019\/05\/section-bg1-1.png?id=7977) !important;background-position: center !important;background-repeat: no-repeat !important;background-size: cover !important;}&#8221; el_id=&#8221;first-row&#8221;][vc_column]\r\n\t<div class=\"bauer-spacer clearfix\" data-desktop=\"94\" data-mobi=\"60\" data-smobi=\"60\"><\/div><div class=\"bauer-single-heading clearfix text-center\" style=\"margin-bottom:24px;\"><span class=\"inner\"><span class=\"heading clearfix  accent\" style=\"font-weight:600;font-size:16px;\">\r\n\t\tYA\u015eANAB\u0130L\u0130R ALANLAR \u00dcRET\u0130YORUZ.\r\n\t<\/span><\/span><\/div><h2 class=\"bauer-text clearfix text-center\" style=\"font-size:42px;line-height:50px;margin-bottom:30px;\"><p><span class=\"font-weight-300\">Mimaride<\/span> m\u00fckemmellik, m\u00fchendislik<br \/>\n<span class=\"font-weight-300\"> ve<\/span> tasar\u0131m<span class=\"font-weight-300\"><\/span><\/p>\n<div style=\"all: initial;\" class=\"notranslate\"><\/div>\n<\/h2><div class=\"bauer-text clearfix text-center\" style=\"font-size:18px;line-height:30px;color:#777777;max-width:750px;margin-left: auto; margin-right: auto;\"><p>Konut, i\u015f yeri, sanat, e\u011flence ve di\u011fer sekt\u00f6rler i\u00e7in gerekli olan dekorasyon, tadilat ve \u00fcretim i\u00e7in dan\u0131\u015fmanl\u0131k yap\u0131yor, tasarl\u0131yor, m\u00fchendislik yap\u0131yor ve \u00fcretiyoruz.<\/p>\n<\/div>\r\n\t<div class=\"bauer-spacer clearfix\" data-desktop=\"70\" data-mobi=\"40\" data-smobi=\"40\"><\/div>[vc_row_inner][vc_column_inner width=&#8221;1\/3&#8243;]<div class=\"bauer-icon-box clearfix icon-top align-center hover-style-1 simple\" style=\"background-color:#f7f9fa;padding:34px 25px 27px;border-radius:5px;border:1px solid #e7e7e7;\" ><div class=\"hover\" style=\"border-radius:5px;background-color:#030f27;\"><\/div><div class=\"wrap-inner\" style=\"position: relative;\"><div class=\"bauer-icon icon-155666337 accent custom\"  data-background=\"\">\r\n\t\t\t\t<span class=\"icon\" style=\"font-size:50px;width:50px;height:50px;border-style:solid;line-height:50px;\"><i class=\"bauerico-building\"><\/i><\/span>\r\n\t\t\t<\/div> <h3 class=\"heading \" style=\"font-size:20px;line-height:24px;margin-top:22px;margin-bottom:12px;\">\r\n\t\t\t<a href=\"https:\/\/abfinsaat.com\/index.php\/insaat-taahhut\/\">\r\n\t\t\t\t<span>\u0130n\u015faat<br \/>\nTaahh\u00fct<\/span>\r\n\t\t\t<\/a>\r\n\t\t<\/h3><div class=\"desc\" style=\"\"><div class=\"desc\">\n<p>\u0130n\u015faat Taahh\u00fct ve Yap\u0131 \u0130mar Hizmetleri<\/p>\n<\/div>\n<p>&nbsp;<\/p>\n<\/div> <div class=\"hover\" style=\"border-radius:5px;background-color:#030f27;\"><\/div><\/div><\/div>\r\n\t<div class=\"bauer-spacer clearfix\" data-desktop=\"30\" data-mobi=\"30\" data-smobi=\"30\"><\/div><div class=\"bauer-icon-box clearfix icon-top align-center hover-style-1 simple\" style=\"background-color:#f7f9fa;padding:34px 25px 27px;border-radius:5px;border:1px solid #e7e7e7;\" ><div class=\"hover\" style=\"border-radius:5px;background-color:#030f27;\"><\/div><div class=\"wrap-inner\" style=\"position: relative;\"><div class=\"bauer-icon icon-1317702010 accent custom\"  data-background=\"\">\r\n\t\t\t\t<span class=\"icon\" style=\"font-size:50px;width:50px;height:50px;border-style:solid;line-height:50px;\"><i class=\"bauerico-crane-truck\"><\/i><\/span>\r\n\t\t\t<\/div> <h3 class=\"heading \" style=\"font-size:20px;line-height:24px;margin-top:22px;margin-bottom:12px;\">\r\n\t\t\t<a href=\"https:\/\/abfinsaat.com\/index.php\/muhendislik-hizmetleri\/\">\r\n\t\t\t\t<span>M\u00fchendislik<br \/>\nHizmetleri<\/span>\r\n\t\t\t<\/a>\r\n\t\t<\/h3><div class=\"desc\" style=\"\"><div class=\"desc\">\n<p>Kentsel planlama, d\u00f6n\u00fc\u015f\u00fcm projelendirme, tasar\u0131m<\/p>\n<\/div>\n<\/div> <div class=\"hover\" style=\"border-radius:5px;background-color:#030f27;\"><\/div><\/div><\/div>\r\n\t<div class=\"bauer-spacer clearfix\" data-desktop=\"30\" data-mobi=\"30\" data-smobi=\"30\"><\/div><div class=\"bauer-icon-box clearfix icon-top align-center hover-style-1 simple\" style=\"background-color:#f7f9fa;padding:34px 25px 27px;border-radius:5px;border:1px solid #e7e7e7;\" ><div class=\"hover\" style=\"border-radius:5px;background-color:#030f27;\"><\/div><div class=\"wrap-inner\" style=\"position: relative;\"><div class=\"bauer-icon icon-1187546420 accent custom\"  data-background=\"\">\r\n\t\t\t\t<span class=\"icon\" style=\"font-size:50px;width:50px;height:50px;border-style:solid;line-height:50px;\"><i class=\"bauerico-crane-truck\"><\/i><\/span>\r\n\t\t\t<\/div> <h3 class=\"heading \" style=\"font-size:20px;line-height:24px;margin-top:22px;margin-bottom:12px;\">\r\n\t\t\t<a href=\"https:\/\/abfinsaat.com\/index.php\/celik-konstruksiyon\/\">\r\n\t\t\t\t<span>\u00c7elik<br \/>\nKonstr\u00fcksiyon<\/span>\r\n\t\t\t<\/a>\r\n\t\t<\/h3><div class=\"desc\" style=\"\"><div class=\"desc\">\n<div class=\"desc\">\n<p>\u00c7elik konstr\u00fcksiyon imalat-montaj hizmetleri<\/p>\n<\/div>\n<\/div>\n<p>&nbsp;<\/p>\n<\/div> <div class=\"hover\" style=\"border-radius:5px;background-color:#030f27;\"><\/div><\/div><\/div>\r\n\t<div class=\"bauer-spacer clearfix\" data-desktop=\"0\" data-mobi=\"30\" data-smobi=\"30\"><\/div>[\/vc_column_inner][vc_column_inner width=&#8221;1\/3&#8243;]<div class=\"bauer-icon-box clearfix icon-top align-center hover-style-1 simple\" style=\"background-color:#f7f9fa;padding:34px 25px 27px;border-radius:5px;border:1px solid #e7e7e7;\" ><div class=\"hover\" style=\"border-radius:5px;background-color:#030f27;\"><\/div><div class=\"wrap-inner\" style=\"position: relative;\"><div class=\"bauer-icon icon-1223400112 accent custom\"  data-background=\"\">\r\n\t\t\t\t<span class=\"icon\" style=\"font-size:50px;width:50px;height:50px;border-style:solid;line-height:50px;\"><i class=\"bauerico-brick-wall\"><\/i><\/span>\r\n\t\t\t<\/div> <h3 class=\"heading \" style=\"font-size:20px;line-height:24px;margin-top:22px;margin-bottom:12px;\">\r\n\t\t\t<a href=\"https:\/\/abfinsaat.com\/index.php\/endustriyel-yapilar\/\">\r\n\t\t\t\t<span>End\u00fcstriyel<br \/>\nYap\u0131lar<\/span>\r\n\t\t\t<\/a>\r\n\t\t<\/h3><div class=\"desc\" style=\"\"><div class=\"desc\">\n<p>Dizayn, projelendirme, imalat ve uygulama<\/p>\n<\/div>\n<\/div> <div class=\"hover\" style=\"border-radius:5px;background-color:#030f27;\"><\/div><\/div><\/div>\r\n\t<div class=\"bauer-spacer clearfix\" data-desktop=\"30\" data-mobi=\"30\" data-smobi=\"30\"><\/div><div class=\"bauer-icon-box clearfix icon-top align-center hover-style-1 simple\" style=\"background-color:#f7f9fa;padding:34px 25px 27px;border-radius:5px;border:1px solid #e7e7e7;\" ><div class=\"hover\" style=\"border-radius:5px;background-color:#030f27;\"><\/div><div class=\"wrap-inner\" style=\"position: relative;\"><div class=\"bauer-icon icon-758280725 accent custom\"  data-background=\"\">\r\n\t\t\t\t<span class=\"icon\" style=\"font-size:50px;width:50px;height:50px;border-style:solid;line-height:50px;\"><i class=\"bauerico-industry\"><\/i><\/span>\r\n\t\t\t<\/div> <h3 class=\"heading \" style=\"font-size:20px;line-height:24px;margin-top:22px;margin-bottom:12px;\">\r\n\t\t\t<a href=\"https:\/\/abfinsaat.com\/index.php\/mekanik-sistemler\/\">\r\n\t\t\t\t<span>Mekanik<br \/>\nSistemler<\/span>\r\n\t\t\t<\/a>\r\n\t\t<\/h3><div class=\"desc\" style=\"\"><div class=\"desc\">\n<p>Dogalgaz \u2013 yang\u0131n \u2013 s\u0131hh\u0131 tesisat, \u0131s\u0131tma sistemleri<\/p>\n<\/div>\n<\/div> <div class=\"hover\" style=\"border-radius:5px;background-color:#030f27;\"><\/div><\/div><\/div>\r\n\t<div class=\"bauer-spacer clearfix\" data-desktop=\"30\" data-mobi=\"30\" data-smobi=\"30\"><\/div><div class=\"bauer-icon-box clearfix icon-top align-center hover-style-1 simple\" style=\"background-color:#f7f9fa;padding:34px 25px 27px;border-radius:5px;border:1px solid #e7e7e7;\" ><div class=\"hover\" style=\"border-radius:5px;background-color:#030f27;\"><\/div><div class=\"wrap-inner\" style=\"position: relative;\"><div class=\"bauer-icon icon-1467168093 accent custom\"  data-background=\"\">\r\n\t\t\t\t<span class=\"icon\" style=\"font-size:50px;width:50px;height:50px;border-style:solid;line-height:50px;\"><i class=\"bauerico-industry\"><\/i><\/span>\r\n\t\t\t<\/div> <h3 class=\"heading \" style=\"font-size:20px;line-height:24px;margin-top:22px;margin-bottom:12px;\">\r\n\t\t\t<a href=\"https:\/\/abfinsaat.com\/index.php\/3d-modelleme\/\">\r\n\t\t\t\t<span>3D<br \/>\nModelleme<\/span>\r\n\t\t\t<\/a>\r\n\t\t<\/h3><div class=\"desc\" style=\"\"><div class=\"desc\">\n<div class=\"desc\">\n<p>3D modelleme ile mimari projeler ve end\u00fcstriyel \u00fcr\u00fcnler<\/p>\n<\/div>\n<\/div>\n<p>&nbsp;<\/p>\n<\/div> <div class=\"hover\" style=\"border-radius:5px;background-color:#030f27;\"><\/div><\/div><\/div>\r\n\t<div class=\"bauer-spacer clearfix\" data-desktop=\"0\" data-mobi=\"30\" data-smobi=\"30\"><\/div>[\/vc_column_inner][vc_column_inner width=&#8221;1\/3&#8243;]<div class=\"bauer-icon-box clearfix icon-top align-center hover-style-1 simple\" style=\"background-color:#f7f9fa;padding:34px 25px 27px;border-radius:5px;border:1px solid #e7e7e7;\" ><div class=\"hover\" style=\"border-radius:5px;background-color:#030f27;\"><\/div><div class=\"wrap-inner\" style=\"position: relative;\"><div class=\"bauer-icon icon-1923504513 accent custom\"  data-background=\"\">\r\n\t\t\t\t<span class=\"icon\" style=\"font-size:50px;width:50px;height:50px;border-style:solid;line-height:50px;\"><i class=\"bauerico-barrel\"><\/i><\/span>\r\n\t\t\t<\/div> <h3 class=\"heading \" style=\"font-size:20px;line-height:24px;margin-top:22px;margin-bottom:12px;\">\r\n\t\t\t<a href=\"https:\/\/abfinsaat.com\/index.php\/tadilat-dekorasyon\/\">\r\n\t\t\t\t<span>Tadilat<br \/>\nve Dekorasyon<\/span>\r\n\t\t\t<\/a>\r\n\t\t<\/h3><div class=\"desc\" style=\"\"><div class=\"desc\">\n<p>Ev ve ofis i\u00e7 ve d\u0131\u015f tadilat, dekorasyon hizmetleri<\/p>\n<\/div>\n<\/div> <div class=\"hover\" style=\"border-radius:5px;background-color:#030f27;\"><\/div><\/div><\/div>\r\n\t<div class=\"bauer-spacer clearfix\" data-desktop=\"30\" data-mobi=\"30\" data-smobi=\"30\"><\/div><div class=\"bauer-icon-box clearfix icon-top align-center hover-style-1 simple\" style=\"background-color:#f7f9fa;padding:34px 25px 27px;border-radius:5px;border:1px solid #e7e7e7;\" ><div class=\"hover\" style=\"border-radius:5px;background-color:#030f27;\"><\/div><div class=\"wrap-inner\" style=\"position: relative;\"><div class=\"bauer-icon icon-782084675 accent custom\"  data-background=\"\">\r\n\t\t\t\t<span class=\"icon\" style=\"font-size:50px;width:50px;height:50px;border-style:solid;line-height:50px;\"><i class=\"bauerico-crane\"><\/i><\/span>\r\n\t\t\t<\/div> <h3 class=\"heading \" style=\"font-size:20px;line-height:24px;margin-top:22px;margin-bottom:12px;\">\r\n\t\t\t<a href=\"https:\/\/abfinsaat.com\/index.php\/elektrik-sistemleri\/\">\r\n\t\t\t\t<span>Elektrik<br \/>\nSistemleri<\/span>\r\n\t\t\t<\/a>\r\n\t\t<\/h3><div class=\"desc\" style=\"\"><div class=\"desc\">\n<p>Al\u00e7al ve y\u00fcksek gerilim tesisat\u0131, ayd\u0131nlatma tesisat\u0131<\/p>\n<\/div>\n<\/div> <div class=\"hover\" style=\"border-radius:5px;background-color:#030f27;\"><\/div><\/div><\/div>\r\n\t<div class=\"bauer-spacer clearfix\" data-desktop=\"30\" data-mobi=\"30\" data-smobi=\"30\"><\/div><div class=\"bauer-icon-box clearfix icon-top align-center hover-style-1 simple\" style=\"background-color:#f7f9fa;padding:34px 25px 27px;border-radius:5px;border:1px solid #e7e7e7;\" ><div class=\"hover\" style=\"border-radius:5px;background-color:#030f27;\"><\/div><div class=\"wrap-inner\" style=\"position: relative;\"><div class=\"bauer-icon icon-1792726678 accent custom\"  data-background=\"\">\r\n\t\t\t\t<span class=\"icon\" style=\"font-size:50px;width:50px;height:50px;border-style:solid;line-height:50px;\"><i class=\"bauerico-crane\"><\/i><\/span>\r\n\t\t\t<\/div> <h3 class=\"heading \" style=\"font-size:20px;line-height:24px;margin-top:22px;margin-bottom:12px;\">\r\n\t\t\t<a href=\"https:\/\/abfinsaat.com\/index.php\/proje-danismanlik\/\">\r\n\t\t\t\t<span>Proje<br \/>\nDan\u0131\u015fmanl\u0131k<\/span>\r\n\t\t\t<\/a>\r\n\t\t<\/h3><div class=\"desc\" style=\"\"><div class=\"desc\">\n<div class=\"desc\">\n<p>T\u00fcm yap\u0131 projeleriniz i\u00e7in dan\u0131\u015fmanl\u0131k hizmetleri<\/p>\n<\/div>\n<\/div>\n<p>&nbsp;<\/p>\n<\/div> <div class=\"hover\" style=\"border-radius:5px;background-color:#030f27;\"><\/div><\/div><\/div>\r\n\t<div class=\"bauer-spacer clearfix\" data-desktop=\"0\" data-mobi=\"30\" data-smobi=\"30\"><\/div>[\/vc_column_inner][\/vc_row_inner]\r\n\t<div class=\"bauer-spacer clearfix\" data-desktop=\"200\" data-mobi=\"160\" data-smobi=\"160\"><\/div>[\/vc_column][\/vc_row][vc_row img_halfrow=&#8221;absolute&#8221; halfrow_image=&#8221;8384&#8243; img_bottom=&#8221;0px&#8221; img_left=&#8221;48%&#8221; css=&#8221;.vc_custom_1558788214986{background: #f7f9fa url(http:\/\/ninzio.com\/bauer\/wp-content\/uploads\/2019\/05\/com-bg-3.png?id=8899) !important;background-position: center !important;background-repeat: no-repeat !important;background-size: cover !important;}&#8221; image_x=&#8221;-50%&#8221;][vc_column]<div class=\"bauer-content-box clearfix \" data-padding=\"55px 50px 50px 50px\" data-mobipadding=\"55px 50px 50px 50px\" data-margin=\"-100px 0px 0px 0px\" data-mobimargin=\"-100px 0px 0px 0px\" >\r\n\t\t<div class=\"inner ctb-1881622533\" style=\"background:url(https:\/\/abfinsaat.com\/wp-content\/uploads\/2019\/05\/counters-bg.jpg) center center no-repeat;background-size:cover;\"  data-background=\"\" data-rounded=\"5px\">\r\n\t\t\t<div class=\"bauer-grid-box clearfix grid4 border-dark v-30 h-15 no-border-wrap\" data-grid=\"4\" >\r\n\t\t<div class=\"bauer-counter clearfix style-2 \" ><div class=\"inner\"><div class=\"left-wrap\" style=\"width:43%\"><div class=\"icon  accent\" style=\"font-size:50px; line-height: normal;line-height:40px;margin-right:20px;\"><i class=\"bauerico-plan\"><\/i><\/div><\/div><div class=\"right-wrap\" style=\"width:57%\"><h3 class=\"number-wrap\" style=\"color:#ffffff;font-weight:400;font-size:42px;\"><span class=\"prefix \" style=\"\"><\/span><span class=\"number \" data-speed=\"5000\" data-from=\"0\" data-to=\"1037\"> 1037<\/span><span class=\"suffix \" style=\"\"><\/span><\/h3><\/div><\/div><h5 class=\"heading\" style=\"color:#ffffff;font-size:18px;margin-top:10px;\">\r\n\t\tTamamlanan Projeler\r\n\t<\/h5><\/div><div class=\"bauer-counter clearfix style-2 \" ><div class=\"inner\"><div class=\"left-wrap\" style=\"width:43%\"><div class=\"icon  accent\" style=\"font-size:50px; line-height: normal;line-height:40px;margin-right:20px;\"><i class=\"bauerico-helmet\"><\/i><\/div><\/div><div class=\"right-wrap\" style=\"width:57%\"><h3 class=\"number-wrap\" style=\"color:#ffffff;font-weight:400;font-size:42px;\"><span class=\"prefix \" style=\"\"><\/span><span class=\"number \" data-speed=\"5000\" data-from=\"0\" data-to=\"182\"> 182<\/span><span class=\"suffix \" style=\"\"><\/span><\/h3><\/div><\/div><h5 class=\"heading\" style=\"color:#ffffff;font-size:18px;margin-top:10px;\">\r\n\t\t\u00c7\u00f6z\u00fcm Ortaklar\u0131\r\n\t<\/h5><\/div><div class=\"bauer-counter clearfix style-2 \" ><div class=\"inner\"><div class=\"left-wrap\" style=\"width:43%\"><div class=\"icon  accent\" style=\"font-size:50px; line-height: normal;line-height:40px;margin-right:20px;\"><i class=\"bauerico-ruler\"><\/i><\/div><\/div><div class=\"right-wrap\" style=\"width:57%\"><h3 class=\"number-wrap\" style=\"color:#ffffff;font-weight:400;font-size:42px;\"><span class=\"prefix \" style=\"\"><\/span><span class=\"number \" data-speed=\"5000\" data-from=\"0\" data-to=\"13\"> 13<\/span><span class=\"suffix \" style=\"color:#ffffff;\">+<\/span><\/h3><\/div><\/div><h5 class=\"heading\" style=\"color:#ffffff;font-size:18px;margin-top:10px;\">\r\n\t\t\u00c7al\u0131\u015f\u0131lan Sekt\u00f6rler\r\n\t<\/h5><\/div><div class=\"bauer-counter clearfix style-2 \" ><div class=\"inner\"><div class=\"left-wrap\" style=\"width:43%\"><div class=\"icon  accent\" style=\"font-size:50px; line-height: normal;line-height:40px;margin-right:20px;\"><i class=\"bauerico-building\"><\/i><\/div><\/div><div class=\"right-wrap\" style=\"width:57%\"><h3 class=\"number-wrap\" style=\"color:#ffffff;font-weight:400;font-size:42px;\"><span class=\"prefix \" style=\"\"><\/span><span class=\"number \" data-speed=\"5000\" data-from=\"0\" data-to=\"12\"> 12<\/span><span class=\"suffix \" style=\"color:#ffffff;\">+<\/span><\/h3><\/div><\/div><h5 class=\"heading\" style=\"color:#ffffff;font-size:18px;margin-top:10px;\">\r\n\t\tHizmet Ya\u015f\u0131\r\n\t<\/h5><\/div>\n\r\n\t<\/div>\r\n\t\t<\/div>\r\n\t<\/div>\r\n\t<div class=\"bauer-spacer clearfix\" data-desktop=\"94\" data-mobi=\"60\" data-smobi=\"60\"><\/div>[vc_row_inner][vc_column_inner width=&#8221;1\/2&#8243;]<div class=\"bauer-single-heading clearfix \" style=\"margin-bottom:25px;\"><span class=\"inner\"><span class=\"heading clearfix  accent\" style=\"font-weight:600;font-size:16px;\">\r\n\t\t\u00c7ALI\u015eTI\u011eIMIZ SEKT\u00d6RLER\r\n\t<\/span><\/span><\/div><h2 class=\"bauer-text clearfix \" style=\"font-size:42px;line-height:50px;color:#030f27;\"><p>Kurumsal m\u00fc\u015fterilerimiz<\/p>\n<p>yan\u0131nda<\/p>\n<p>Bireysel taleplerede<\/p>\n<p>\u00e7\u00f6z\u00fcm sunuyoruz.<\/p>\n<\/h2>[\/vc_column_inner][vc_column_inner width=&#8221;1\/2&#8243;]\r\n\t<div class=\"bauer-spacer clearfix\" data-desktop=\"52\" data-mobi=\"30\" data-smobi=\"30\"><\/div><div class=\"bauer-text clearfix \" style=\"font-size:18px;line-height:30px;color:#414042;\"><p>Finans sekt\u00f6r\u00fc, Hastaneler, TV ve Radyo \u015eirketleri, Lojistik, E\u011fitim Sekt\u00f6r\u00fc, Yap\u0131 Sekt\u00f6r\u00fc, Sanayi Alanlar\u0131, Fabrika Kurulumu ve benzer bir \u00e7ok sekt\u00f6re hizmet veriyoruz.<\/p>\n<\/div>[\/vc_column_inner][\/vc_row_inner]\r\n\t<div class=\"bauer-spacer clearfix\" data-desktop=\"70\" data-mobi=\"50\" data-smobi=\"50\"><\/div>[vc_row_inner][vc_column_inner width=&#8221;1\/3&#8243;]<div class=\"bauer-icon-box clearfix icon-left align-left hover-style-1 simple\" style=\"background-color:#ffffff;padding:25px 25px 27px;border-radius:5px;border:1px solid #e7e7e7;\" ><div class=\"hover\" style=\"border-radius:5px;background-color:#030f27;\"><\/div><div class=\"wrap-inner\" style=\"position: relative;\"><div class=\"bauer-icon icon-1420889914 accent custom\"  data-background=\"\">\r\n\t\t\t\t<span class=\"icon\" style=\"font-size:50px;width:50px;height:50px;border-style:solid;line-height:50px;\"><i class=\"bauerico-wheelbarrow\"><\/i><\/span>\r\n\t\t\t<\/div> <h3 class=\"heading \" style=\"padding-left:75px;font-size:20px;line-height:24px;margin-bottom:12px;\">\r\n\t\t\t<span>Kentsel D\u00f6n\u00fc\u015f\u00fcm<br \/>\nM\u00fcteahhitli\u011fi<\/span>\r\n\t\t<\/h3><div class=\"desc\" style=\"padding-left:75px;\"><p>Fabrikalar, Hastaneler,<br \/>\nBina, M\u00fcstakil Konut,<br \/>\nv.d. yap\u0131lar\u0131n tadilat\u0131n\u0131 yap\u0131yoruz.<\/p>\n<\/div> <div class=\"hover\" style=\"border-radius:5px;background-color:#030f27;\"><\/div><\/div><\/div>\r\n\t<div class=\"bauer-spacer clearfix\" data-desktop=\"30\" data-mobi=\"30\" data-smobi=\"30\"><\/div><div class=\"bauer-icon-box clearfix icon-left align-left hover-style-1 simple\" style=\"background-color:#ffffff;padding:25px 25px 27px;border-radius:5px;border:1px solid #e7e7e7;\" ><div class=\"hover\" style=\"border-radius:5px;background-color:#030f27;\"><\/div><div class=\"wrap-inner\" style=\"position: relative;\"><div class=\"bauer-icon icon-1427846082 accent custom\"  data-background=\"\">\r\n\t\t\t\t<span class=\"icon\" style=\"font-size:50px;width:50px;height:50px;border-style:solid;line-height:50px;\"><i class=\"bauerico-helmet\"><\/i><\/span>\r\n\t\t\t<\/div> <h3 class=\"heading \" style=\"padding-left:75px;font-size:20px;line-height:24px;margin-bottom:12px;\">\r\n\t\t\t<span>3D<br \/>\nModelleme<\/span>\r\n\t\t<\/h3><div class=\"desc\" style=\"padding-left:75px;\"><p>Teknolojiyi etkin kullanarak<br \/>\nm\u00fc\u015fterilerimize hem zaman<br \/>\nhemde para kazand\u0131r\u0131yoruz.<\/p>\n<\/div> <div class=\"hover\" style=\"border-radius:5px;background-color:#030f27;\"><\/div><\/div><\/div>\r\n\t<div class=\"bauer-spacer clearfix\" data-desktop=\"0\" data-mobi=\"30\" data-smobi=\"30\"><\/div>[\/vc_column_inner][vc_column_inner width=&#8221;1\/3&#8243;][\/vc_column_inner][vc_column_inner width=&#8221;1\/3&#8243;]<div class=\"bauer-icon-box clearfix icon-left align-left hover-style-1 simple\" style=\"background-color:#ffffff;padding:25px 25px 27px;border-radius:5px;border:1px solid #e7e7e7;\" ><div class=\"hover\" style=\"border-radius:5px;background-color:#030f27;\"><\/div><div class=\"wrap-inner\" style=\"position: relative;\"><div class=\"bauer-icon icon-632034055 accent custom\"  data-background=\"\">\r\n\t\t\t\t<span class=\"icon\" style=\"font-size:50px;width:50px;height:50px;border-style:solid;line-height:50px;\"><i class=\"bauerico-building\"><\/i><\/span>\r\n\t\t\t<\/div> <h3 class=\"heading \" style=\"padding-left:75px;font-size:20px;line-height:24px;margin-bottom:12px;\">\r\n\t\t\t<span>\u0130n\u015faat<br \/>\nTaahh\u00fct<\/span>\r\n\t\t<\/h3><div class=\"desc\" style=\"padding-left:75px;\"><p>Mesken ve i\u015f yeri,<br \/>\nin\u015faat taahh\u00fct hizmeti,<br \/>\nveriyoruz.<\/p>\n<\/div> <div class=\"hover\" style=\"border-radius:5px;background-color:#030f27;\"><\/div><\/div><\/div>\r\n\t<div class=\"bauer-spacer clearfix\" data-desktop=\"30\" data-mobi=\"30\" data-smobi=\"30\"><\/div><div class=\"bauer-icon-box clearfix icon-left align-left hover-style-1 simple\" style=\"background-color:#ffffff;padding:25px 25px 27px;border-radius:5px;border:1px solid #e7e7e7;\" ><div class=\"hover\" style=\"border-radius:5px;background-color:#030f27;\"><\/div><div class=\"wrap-inner\" style=\"position: relative;\"><div class=\"bauer-icon icon-916315220 accent custom\"  data-background=\"\">\r\n\t\t\t\t<span class=\"icon\" style=\"font-size:50px;width:50px;height:50px;border-style:solid;line-height:50px;\"><i class=\"bauerico-trowel\"><\/i><\/span>\r\n\t\t\t<\/div> <h3 class=\"heading \" style=\"padding-left:75px;font-size:20px;line-height:24px;margin-bottom:12px;\">\r\n\t\t\t<span>Teknik<br \/>\nDan\u0131\u015fmanl\u0131k<\/span>\r\n\t\t<\/h3><div class=\"desc\" style=\"padding-left:75px;\"><p>Yap\u0131 sekt\u00f6r\u00fc i\u00e7in teknik<br \/>\ndan\u0131\u015fmanl\u0131k hizmeti<br \/>\nveriyoruz.<\/p>\n<\/div> <div class=\"hover\" style=\"border-radius:5px;background-color:#030f27;\"><\/div><\/div><\/div>[\/vc_column_inner][\/vc_row_inner]\r\n\t<div class=\"bauer-spacer clearfix\" data-desktop=\"120\" data-mobi=\"60\" data-smobi=\"60\"><\/div>[\/vc_column][\/vc_row]<\/p>\n<\/div>","protected":false},"excerpt":{"rendered":"<p>[vc_row css=&#8221;.vc_custom_1558595409249{background-image: url(http:\/\/ninzio.com\/bauer\/wp-content\/uploads\/2019\/05\/section-bg1-1.png?id=7977) !important;background-position: center !important;background-repeat: no-repeat !important;background-size: cover !important;}&#8221; el_id=&#8221;first-row&#8221;][vc_column][vc_row_inner][vc_column_inner width=&#8221;1\/3&#8243;][\/vc_column_inner][vc_column_inner width=&#8221;1\/3&#8243;][\/vc_column_inner][vc_column_inner width=&#8221;1\/3&#8243;][\/vc_column_inner][\/vc_row_inner][\/vc_column][\/vc_row][vc_row img_halfrow=&#8221;absolute&#8221; halfrow_image=&#8221;8384&#8243; img_bottom=&#8221;0px&#8221; img_left=&#8221;48%&#8221; css=&#8221;.vc_custom_1558788214986{background: #f7f9fa url(http:\/\/ninzio.com\/bauer\/wp-content\/uploads\/2019\/05\/com-bg-3.png?id=8899) !important;background-position: center !important;background-repeat: no-repeat !important;background-size: cover !important;}&#8221; image_x=&#8221;-50%&#8221;][vc_column][vc_row_inner][vc_column_inner width=&#8221;1\/2&#8243;][\/vc_column_inner][vc_column_inner width=&#8221;1\/2&#8243;][\/vc_column_inner][\/vc_row_inner][vc_row_inner][vc_column_inner width=&#8221;1\/3&#8243;][\/vc_column_inner][vc_column_inner width=&#8221;1\/3&#8243;][\/vc_column_inner][vc_column_inner width=&#8221;1\/3&#8243;][\/vc_column_inner][\/vc_row_inner][\/vc_column][\/vc_row]<\/p>\n","protected":false},"author":1,"featured_media":0,"parent":0,"menu_order":0,"comment_status":"closed","ping_status":"closed","template":"","meta":{"_joinchat":[],"footnotes":""},"class_list":["post-1326","page","type-page","status-publish","hentry"],"aioseo_notices":[],"_links":{"self":[{"href":"https:\/\/abfinsaat.com\/index.php\/wp-json\/wp\/v2\/pages\/1326","targetHints":{"allow":["GET"]}}],"collection":[{"href":"https:\/\/abfinsaat.com\/index.php\/wp-json\/wp\/v2\/pages"}],"about":[{"href":"https:\/\/abfinsaat.com\/index.php\/wp-json\/wp\/v2\/types\/page"}],"author":[{"embeddable":true,"href":"https:\/\/abfinsaat.com\/index.php\/wp-json\/wp\/v2\/users\/1"}],"replies":[{"embeddable":true,"href":"https:\/\/abfinsaat.com\/index.php\/wp-json\/wp\/v2\/comments?post=1326"}],"version-history":[{"count":4,"href":"https:\/\/abfinsaat.com\/index.php\/wp-json\/wp\/v2\/pages\/1326\/revisions"}],"predecessor-version":[{"id":9908,"href":"https:\/\/abfinsaat.com\/index.php\/wp-json\/wp\/v2\/pages\/1326\/revisions\/9908"}],"wp:attachment":[{"href":"https:\/\/abfinsaat.com\/index.php\/wp-json\/wp\/v2\/media?parent=1326"}],"curies":[{"name":"wp","href":"https:\/\/api.w.org\/{rel}","templated":true}]}}