{"id":2288,"date":"2017-12-07T02:25:11","date_gmt":"2017-12-07T02:25:11","guid":{"rendered":"http:\/\/ninzio.com\/bauer\/?page_id=2288"},"modified":"2024-08-01T14:30:27","modified_gmt":"2024-08-01T11:30:27","slug":"projeler","status":"publish","type":"page","link":"https:\/\/abfinsaat.com\/index.php\/projeler\/","title":{"rendered":"Projeler"},"content":{"rendered":"<div class=\"wpb-content-wrapper\"><p>[vc_row css=&#8221;.vc_custom_1558852781310{background-color: #f7f9fa !important;background-position: center !important;background-repeat: no-repeat !important;background-size: cover !important;}&#8221;][vc_column]\r\n\t<div class=\"bauer-spacer clearfix\" data-desktop=\"94\" data-mobi=\"60\" data-smobi=\"60\"><\/div>[vc_row_inner][vc_column_inner width=&#8221;1\/2&#8243;]<div class=\"bauer-single-heading clearfix \" style=\"margin-bottom:25px;\"><span class=\"inner\"><span class=\"heading clearfix \" style=\"font-weight:600;color:#777777;font-size:16px;\">\r\n\t\tBAZI PROJELER\u0130M\u0130Z\r\n\t<\/span><\/span><\/div><h2 class=\"bauer-text clearfix \" style=\"font-size:42px;line-height:50px;color:#030f27;\"><p><span class=\"font-weight-300\">T\u00fcm <\/span>bak\u0131m <span class=\"font-weight-300\">ve <\/span> onar\u0131m ihtiya\u00e7lar\u0131n\u0131za<span class=\"font-weight-300\"> garantili \u00e7\u00f6z\u00fcmler<\/span><\/p>\n<\/h2>[\/vc_column_inner][vc_column_inner width=&#8221;1\/2&#8243;]\r\n\t<div class=\"bauer-spacer clearfix\" data-desktop=\"52\" data-mobi=\"30\" data-smobi=\"30\"><\/div><div class=\"bauer-text clearfix \" style=\"font-size:18px;line-height:30px;color:#414042;\"><p>Kalite ve i\u015f\u00e7ilikten \u00f6d\u00fcn vermeden, m\u00fc\u015fterilerimizin memnuniyetini hedefleyerek,\u00a0 mesken ve yap\u0131lar in\u015fa ediyoruz. Sizi en yeni en \u00e7evre dostu bina uygulamalar\u0131 ve malzemeleri konusunda destekliyoruz.<\/p>\n<\/div>[\/vc_column_inner][\/vc_row_inner]\r\n\t<div class=\"bauer-spacer clearfix\" data-desktop=\"70\" data-mobi=\"50\" data-smobi=\"50\"><\/div>[vc_row_inner][vc_column_inner width=&#8221;1\/3&#8243;]<div class=\"bauer-content-box clearfix \" data-padding=\"17px 15px 17px 15px\" data-mobipadding=\"17px 15px 17px 15px\" data-margin=\"\" data-mobimargin=\"\" >\r\n\t\t<div class=\"inner ctb-381807709\" style=\"\"  data-background=\"#ffffff\" data-shadow-hover=\" 0px 0px 20px 0px rgba(0,0,0,0.07)\">\r\n\t\t\t<div class=\"bauer-image-box clearfix style-1 text-center\" style=\"\" >\r\n        <div class=\"item\">\r\n            <div class=\"inner\">\r\n                <div class=\"thumb\" style=\"\"><img loading=\"lazy\" decoding=\"async\" width=\"450\" height=\"464\" src=\"https:\/\/abfinsaat.com\/wp-content\/uploads\/2019\/05\/alt-project1.jpg\" class=\"attachment-full size-full\" alt=\"\" srcset=\"https:\/\/abfinsaat.com\/wp-content\/uploads\/2019\/05\/alt-project1.jpg 450w, https:\/\/abfinsaat.com\/wp-content\/uploads\/2019\/05\/alt-project1-291x300.jpg 291w\" sizes=\"auto, (max-width: 450px) 100vw, 450px\" \/> <div class=\"hover-layer\"><a href=\"https:\/\/abfinsaat.com\/index.php\/project_category\/endustriyel-yapilar\/\" class=\"icon\"><span class=\"elegant-icon_plus_alt\"><\/span><\/a><\/div><\/div>\r\n                <div class=\"text-wrap \" style=\" padding:30px 30px 12px;\">\r\n                    <h3 class=\"title\" style=\"font-size:18px;color:#414042;\">\r\n            <a href=\"https:\/\/abfinsaat.com\/index.php\/project_category\/endustriyel-yapilar\/\">\r\n                End\u00fcstiryel Yap\u0131lar\r\n            <\/a>\r\n        <\/h3>  <div class=\"url-wrap\">\r\n            <a href=\"https:\/\/abfinsaat.com\/index.php\/project_category\/endustriyel-yapilar\/\" target=\"_blank\" class=\"bauer-links link-style-1\" style=\"\">\r\n                <span class=\"text\">\u00d6rnek Projeler<\/span>\r\n            <\/a>\r\n        <\/div>\r\n                <\/div>\r\n                \r\n            <\/div>\r\n        <\/div>\r\n    <\/div>\r\n\t\t<\/div>\r\n\t<\/div>\r\n\t<div class=\"bauer-spacer clearfix\" data-desktop=\"30\" data-mobi=\"30\" data-smobi=\"30\"><\/div><div class=\"bauer-content-box clearfix \" data-padding=\"17px 15px 17px 15px\" data-mobipadding=\"17px 15px 17px 15px\" data-margin=\"\" data-mobimargin=\"\" >\r\n\t\t<div class=\"inner ctb-1438473917\" style=\"\"  data-background=\"#ffffff\" data-shadow-hover=\" 0px 0px 20px 0px rgba(0,0,0,0.07)\">\r\n\t\t\t<div class=\"bauer-image-box clearfix style-1 text-center\" style=\"\" >\r\n        <div class=\"item\">\r\n            <div class=\"inner\">\r\n                <div class=\"thumb\" style=\"\"><img loading=\"lazy\" decoding=\"async\" width=\"450\" height=\"465\" src=\"https:\/\/abfinsaat.com\/wp-content\/uploads\/2024\/07\/muhendislik.jpg\" class=\"attachment-full size-full\" alt=\"\" srcset=\"https:\/\/abfinsaat.com\/wp-content\/uploads\/2024\/07\/muhendislik.jpg 450w, https:\/\/abfinsaat.com\/wp-content\/uploads\/2024\/07\/muhendislik-290x300.jpg 290w\" sizes=\"auto, (max-width: 450px) 100vw, 450px\" \/> <div class=\"hover-layer\"><a href=\"https:\/\/abfinsaat.com\/index.php\/project_category\/muhendislik-hizmetleri\" class=\"icon\"><span class=\"elegant-icon_plus_alt\"><\/span><\/a><\/div><\/div>\r\n                <div class=\"text-wrap \" style=\" padding:30px 30px 12px;\">\r\n                    <h3 class=\"title\" style=\"font-size:18px;color:#414042;\">\r\n            <a href=\"https:\/\/abfinsaat.com\/index.php\/project_category\/muhendislik-hizmetleri\">\r\n                M\u00fchendislik Hizmetleri\r\n            <\/a>\r\n        <\/h3>  <div class=\"url-wrap\">\r\n            <a href=\"https:\/\/abfinsaat.com\/index.php\/project_category\/muhendislik-hizmetleri\" target=\"_blank\" class=\"bauer-links link-style-1\" style=\"\">\r\n                <span class=\"text\">\u00d6rnek Projeler<\/span>\r\n            <\/a>\r\n        <\/div>\r\n                <\/div>\r\n                \r\n            <\/div>\r\n        <\/div>\r\n    <\/div>\r\n\t\t<\/div>\r\n\t<\/div>\r\n\t<div class=\"bauer-spacer clearfix\" data-desktop=\"30\" data-mobi=\"30\" data-smobi=\"30\"><\/div>[\/vc_column_inner][vc_column_inner width=&#8221;1\/3&#8243;]<div class=\"bauer-content-box clearfix \" data-padding=\"17px 15px 17px 15px\" data-mobipadding=\"17px 15px 17px 15px\" data-margin=\"\" data-mobimargin=\"\" >\r\n\t\t<div class=\"inner ctb-861591278\" style=\"\"  data-background=\"#ffffff\" data-shadow-hover=\" 0px 0px 20px 0px rgba(0,0,0,0.07)\">\r\n\t\t\t<div class=\"bauer-image-box clearfix style-1 text-center\" style=\"\" >\r\n        <div class=\"item\">\r\n            <div class=\"inner\">\r\n                <div class=\"thumb\" style=\"\"><img loading=\"lazy\" decoding=\"async\" width=\"450\" height=\"464\" src=\"https:\/\/abfinsaat.com\/wp-content\/uploads\/2019\/05\/alt-project2.jpg\" class=\"attachment-full size-full\" alt=\"\" srcset=\"https:\/\/abfinsaat.com\/wp-content\/uploads\/2019\/05\/alt-project2.jpg 450w, https:\/\/abfinsaat.com\/wp-content\/uploads\/2019\/05\/alt-project2-291x300.jpg 291w\" sizes=\"auto, (max-width: 450px) 100vw, 450px\" \/> <div class=\"hover-layer\"><a href=\"https:\/\/abfinsaat.com\/index.php\/project_category\/insaat-taahhut\/\" class=\"icon\"><span class=\"elegant-icon_plus_alt\"><\/span><\/a><\/div><\/div>\r\n                <div class=\"text-wrap \" style=\" padding:30px 30px 12px;\">\r\n                    <h3 class=\"title\" style=\"font-size:18px;color:#414042;\">\r\n            <a href=\"https:\/\/abfinsaat.com\/index.php\/project_category\/insaat-taahhut\/\">\r\n                \u0130n\u015faat Taahh\u00fct\r\n            <\/a>\r\n        <\/h3>  <div class=\"url-wrap\">\r\n            <a href=\"https:\/\/abfinsaat.com\/index.php\/project_category\/insaat-taahhut\/\" target=\"_blank\" class=\"bauer-links link-style-1\" style=\"\">\r\n                <span class=\"text\">\u00d6rnek Projeler<\/span>\r\n            <\/a>\r\n        <\/div>\r\n                <\/div>\r\n                \r\n            <\/div>\r\n        <\/div>\r\n    <\/div>\r\n\t\t<\/div>\r\n\t<\/div>\r\n\t<div class=\"bauer-spacer clearfix\" data-desktop=\"30\" data-mobi=\"30\" data-smobi=\"30\"><\/div><div class=\"bauer-content-box clearfix \" data-padding=\"17px 15px 17px 15px\" data-mobipadding=\"17px 15px 17px 15px\" data-margin=\"\" data-mobimargin=\"\" >\r\n\t\t<div class=\"inner ctb-980745700\" style=\"\"  data-background=\"#ffffff\" data-shadow-hover=\" 0px 0px 20px 0px rgba(0,0,0,0.07)\">\r\n\t\t\t<div class=\"bauer-image-box clearfix style-1 text-center\" style=\"\" >\r\n        <div class=\"item\">\r\n            <div class=\"inner\">\r\n                <div class=\"thumb\" style=\"\"><img loading=\"lazy\" decoding=\"async\" width=\"450\" height=\"464\" src=\"https:\/\/abfinsaat.com\/wp-content\/uploads\/2024\/07\/anahtarteslim-insaat-isleri.jpg\" class=\"attachment-full size-full\" alt=\"\" srcset=\"https:\/\/abfinsaat.com\/wp-content\/uploads\/2024\/07\/anahtarteslim-insaat-isleri.jpg 450w, https:\/\/abfinsaat.com\/wp-content\/uploads\/2024\/07\/anahtarteslim-insaat-isleri-291x300.jpg 291w\" sizes=\"auto, (max-width: 450px) 100vw, 450px\" \/> <div class=\"hover-layer\"><a href=\"https:\/\/abfinsaat.com\/index.php\/project_category\/anahtar-teslim-insaat-isleri\" class=\"icon\"><span class=\"elegant-icon_plus_alt\"><\/span><\/a><\/div><\/div>\r\n                <div class=\"text-wrap \" style=\" padding:30px 30px 12px;\">\r\n                    <h3 class=\"title\" style=\"font-size:18px;color:#414042;\">\r\n            <a href=\"https:\/\/abfinsaat.com\/index.php\/project_category\/anahtar-teslim-insaat-isleri\">\r\n                Anahtar Teslim \u0130n\u015faat \u0130\u015fleri\r\n            <\/a>\r\n        <\/h3>  <div class=\"url-wrap\">\r\n            <a href=\"https:\/\/abfinsaat.com\/index.php\/project_category\/anahtar-teslim-insaat-isleri\" target=\"_blank\" class=\"bauer-links link-style-1\" style=\"\">\r\n                <span class=\"text\">\u00d6rnek Projeler<\/span>\r\n            <\/a>\r\n        <\/div>\r\n                <\/div>\r\n                \r\n            <\/div>\r\n        <\/div>\r\n    <\/div>\r\n\t\t<\/div>\r\n\t<\/div>\r\n\t<div class=\"bauer-spacer clearfix\" data-desktop=\"30\" data-mobi=\"30\" data-smobi=\"30\"><\/div>[\/vc_column_inner][vc_column_inner width=&#8221;1\/3&#8243;]<div class=\"bauer-content-box clearfix \" data-padding=\"17px 15px 17px 15px\" data-mobipadding=\"17px 15px 17px 15px\" data-margin=\"\" data-mobimargin=\"\" >\r\n\t\t<div class=\"inner ctb-1974125637\" style=\"\"  data-background=\"#ffffff\" data-shadow-hover=\" 0px 0px 20px 0px rgba(0,0,0,0.07)\">\r\n\t\t\t<div class=\"bauer-image-box clearfix style-1 text-center\" style=\"\" >\r\n        <div class=\"item\">\r\n            <div class=\"inner\">\r\n                <div class=\"thumb\" style=\"\"><img loading=\"lazy\" decoding=\"async\" width=\"450\" height=\"464\" src=\"https:\/\/abfinsaat.com\/wp-content\/uploads\/2019\/05\/alt-project3.jpg\" class=\"attachment-full size-full\" alt=\"\" srcset=\"https:\/\/abfinsaat.com\/wp-content\/uploads\/2019\/05\/alt-project3.jpg 450w, https:\/\/abfinsaat.com\/wp-content\/uploads\/2019\/05\/alt-project3-291x300.jpg 291w\" sizes=\"auto, (max-width: 450px) 100vw, 450px\" \/> <div class=\"hover-layer\"><a href=\"https:\/\/abfinsaat.com\/index.php\/project_category\/tadilat-dekorasyon\/\" class=\"icon\"><span class=\"elegant-icon_plus_alt\"><\/span><\/a><\/div><\/div>\r\n                <div class=\"text-wrap \" style=\" padding:30px 30px 12px;\">\r\n                    <h3 class=\"title\" style=\"font-size:18px;color:#414042;\">\r\n            <a href=\"https:\/\/abfinsaat.com\/index.php\/project_category\/tadilat-dekorasyon\/\">\r\n                Tadilat ve Dekorasyon\r\n            <\/a>\r\n        <\/h3>  <div class=\"url-wrap\">\r\n            <a href=\"https:\/\/abfinsaat.com\/index.php\/project_category\/tadilat-dekorasyon\/\" target=\"_blank\" class=\"bauer-links link-style-1\" style=\"\">\r\n                <span class=\"text\">\u00d6rnek Projeler<\/span>\r\n            <\/a>\r\n        <\/div>\r\n                <\/div>\r\n                \r\n            <\/div>\r\n        <\/div>\r\n    <\/div>\r\n\t\t<\/div>\r\n\t<\/div>\r\n\t<div class=\"bauer-spacer clearfix\" data-desktop=\"30\" data-mobi=\"30\" data-smobi=\"30\"><\/div>\r\n\t<div class=\"bauer-spacer clearfix\" data-desktop=\"30\" data-mobi=\"30\" data-smobi=\"30\"><\/div>[\/vc_column_inner][\/vc_row_inner]\r\n\t<div class=\"bauer-spacer clearfix\" data-desktop=\"100\" data-mobi=\"60\" data-smobi=\"60\"><\/div>[\/vc_column][\/vc_row]<\/p>\n<\/div>","protected":false},"excerpt":{"rendered":"<p>[vc_row css=&#8221;.vc_custom_1558852781310{background-color: #f7f9fa !important;background-position: center !important;background-repeat: no-repeat !important;background-size: cover !important;}&#8221;][vc_column][vc_row_inner][vc_column_inner width=&#8221;1\/2&#8243;][\/vc_column_inner][vc_column_inner width=&#8221;1\/2&#8243;][\/vc_column_inner][\/vc_row_inner][vc_row_inner][vc_column_inner width=&#8221;1\/3&#8243;][\/vc_column_inner][vc_column_inner width=&#8221;1\/3&#8243;][\/vc_column_inner][vc_column_inner width=&#8221;1\/3&#8243;][\/vc_column_inner][\/vc_row_inner][\/vc_column][\/vc_row]<\/p>\n","protected":false},"author":1,"featured_media":0,"parent":0,"menu_order":0,"comment_status":"closed","ping_status":"closed","template":"","meta":{"_joinchat":[],"footnotes":""},"class_list":["post-2288","page","type-page","status-publish","hentry"],"aioseo_notices":[],"_links":{"self":[{"href":"https:\/\/abfinsaat.com\/index.php\/wp-json\/wp\/v2\/pages\/2288","targetHints":{"allow":["GET"]}}],"collection":[{"href":"https:\/\/abfinsaat.com\/index.php\/wp-json\/wp\/v2\/pages"}],"about":[{"href":"https:\/\/abfinsaat.com\/index.php\/wp-json\/wp\/v2\/types\/page"}],"author":[{"embeddable":true,"href":"https:\/\/abfinsaat.com\/index.php\/wp-json\/wp\/v2\/users\/1"}],"replies":[{"embeddable":true,"href":"https:\/\/abfinsaat.com\/index.php\/wp-json\/wp\/v2\/comments?post=2288"}],"version-history":[{"count":1,"href":"https:\/\/abfinsaat.com\/index.php\/wp-json\/wp\/v2\/pages\/2288\/revisions"}],"predecessor-version":[{"id":9906,"href":"https:\/\/abfinsaat.com\/index.php\/wp-json\/wp\/v2\/pages\/2288\/revisions\/9906"}],"wp:attachment":[{"href":"https:\/\/abfinsaat.com\/index.php\/wp-json\/wp\/v2\/media?parent=2288"}],"curies":[{"name":"wp","href":"https:\/\/api.w.org\/{rel}","templated":true}]}}