{"id":3,"date":"2023-10-26T17:46:27","date_gmt":"2023-10-26T14:46:27","guid":{"rendered":"https:\/\/abfinsaat.com\/?page_id=3"},"modified":"2024-07-16T16:11:14","modified_gmt":"2024-07-16T13:11:14","slug":"insaat-taahhut","status":"publish","type":"page","link":"https:\/\/abfinsaat.com\/index.php\/insaat-taahhut\/","title":{"rendered":"\u0130n\u015faat Taahh\u00fct"},"content":{"rendered":"<div class=\"wpb-content-wrapper\"><p>[vc_row][vc_column]\r\n\t<div class=\"bauer-spacer clearfix\" data-desktop=\"60\" data-mobi=\"30\" data-smobi=\"30\"><\/div><h2 class=\"bauer-special-text text-center\">\r\n        <span style=\"font-family:;\">\u0130n\u015faat Taahh\u00fct<\/span><span style=\"font-family:;\"><\/span><span style=\"font-family:;\"><\/span>\r\n    <\/h2><div class=\"bauer-text-group clearfix text-center\"  style=\"\"><div class=\"group-1 \" style=\"\">\r\n\t\tGayrimenkul sekt\u00f6r\u00fcnde uzun y\u0131llara dayanan deneyimi ile ABF Gayrimenkul Yat\u0131r\u0131m \u0130n\u015faat, T\u00fcrkiye'nin lider in\u015faat taahh\u00fct firmalar\u0131ndan biridir. Y\u00fcksek kalite standartlar\u0131na ve m\u00fc\u015fteri odakl\u0131 yakla\u015f\u0131m\u0131na ba\u011fl\u0131 kalarak, m\u00fc\u015fterilerine g\u00fcvenilir ve yenilik\u00e7i in\u015faat \u00e7\u00f6z\u00fcmleri sunmaktad\u0131r.<\/p>\n<p>Firma, geni\u015f proje yelpazesi ile ofis, konut, ticari ve end\u00fcstriyel yap\u0131lar ba\u015fta olmak \u00fczere \u00e7e\u015fitli alanlarda hizmet vermektedir. Proje y\u00f6netimi, m\u00fchendislik, mimari tasar\u0131m ve uygulama a\u015famalar\u0131nda uzman bir ekiple \u00e7al\u0131\u015fan ABF, projelerin her a\u015famas\u0131nda kalite, g\u00fcvenlik ve zaman\u0131nda teslim konular\u0131na \u00f6zel \u00f6nem vermektedir.\r\n\t<\/div><div class=\"group-2 \" style=\"\">\r\n\t\tYenilik\u00e7i teknolojileri ve s\u00fcrd\u00fcr\u00fclebilir yap\u0131 malzemelerini kullanarak, \u00e7evre dostu ve enerji verimli projeler geli\u015ftiren ABF Gayrimenkul, m\u00fc\u015fterilerinin ihtiya\u00e7lar\u0131n\u0131 en \u00fcst d\u00fczeyde kar\u015f\u0131lamay\u0131 hedeflemektedir. G\u00fc\u00e7l\u00fc finansal yap\u0131s\u0131, deneyimli kadrosu ve sekt\u00f6rdeki g\u00fcvenilir itibar\u0131 ile ABF, in\u015faat taahh\u00fct sekt\u00f6r\u00fcnde \u00f6nc\u00fc bir konuma sahiptir.<\/p>\n<p>M\u00fc\u015fteri memnuniyetini en \u00f6ncelikli hedefi olarak benimseyen ABF, projelerin teslim s\u00fcrecinde de titiz bir \u00e7al\u0131\u015fma y\u00fcr\u00fctmektedir. M\u00fc\u015fterilerinin ihtiya\u00e7lar\u0131n\u0131 yak\u0131ndan takip ederek, onlara en uygun \u00e7\u00f6z\u00fcmleri sunmaktad\u0131r.<\/p>\n<p>\u0130n\u015faat sekt\u00f6r\u00fcnde y\u00fcksek standartlar\u0131 temsil eden ABF Gayrimenkul Yat\u0131r\u0131m \u0130n\u015faat, yenilik\u00e7i bak\u0131\u015f a\u00e7\u0131s\u0131 ve uzman kadrosuyla m\u00fc\u015fterilerinin hayallerini ger\u00e7e\u011fe d\u00f6n\u00fc\u015ft\u00fcrmeye devam etmektedir.\r\n\t<\/div><\/div>\r\n\t<div class=\"bauer-spacer clearfix\" data-desktop=\"60\" data-mobi=\"30\" data-smobi=\"30\"><\/div>[vc_btn title=&#8221;TAMAMLANAN BAZI PROJELER\u0130M\u0130Z&#8221; color=&#8221;primary&#8221; size=&#8221;lg&#8221; align=&#8221;center&#8221; link=&#8221;url:https%3A%2F%2Fabfinsaat.com%2Findex.php%2Fproject_category%2Finsaat-taahhut%2F|target:_blank&#8221;][\/vc_column][\/vc_row]<\/p>\n<\/div>","protected":false},"excerpt":{"rendered":"<p>[vc_row][vc_column][vc_btn title=&#8221;TAMAMLANAN BAZI PROJELER\u0130M\u0130Z&#8221; color=&#8221;primary&#8221; size=&#8221;lg&#8221; align=&#8221;center&#8221; link=&#8221;url:https%3A%2F%2Fabfinsaat.com%2Findex.php%2Fproject_category%2Finsaat-taahhut%2F|target:_blank&#8221;][\/vc_column][\/vc_row]<\/p>\n","protected":false},"author":1,"featured_media":0,"parent":0,"menu_order":0,"comment_status":"closed","ping_status":"open","template":"","meta":{"_joinchat":[],"footnotes":""},"class_list":["post-3","page","type-page","status-publish","hentry"],"aioseo_notices":[],"_links":{"self":[{"href":"https:\/\/abfinsaat.com\/index.php\/wp-json\/wp\/v2\/pages\/3","targetHints":{"allow":["GET"]}}],"collection":[{"href":"https:\/\/abfinsaat.com\/index.php\/wp-json\/wp\/v2\/pages"}],"about":[{"href":"https:\/\/abfinsaat.com\/index.php\/wp-json\/wp\/v2\/types\/page"}],"author":[{"embeddable":true,"href":"https:\/\/abfinsaat.com\/index.php\/wp-json\/wp\/v2\/users\/1"}],"replies":[{"embeddable":true,"href":"https:\/\/abfinsaat.com\/index.php\/wp-json\/wp\/v2\/comments?post=3"}],"version-history":[{"count":0,"href":"https:\/\/abfinsaat.com\/index.php\/wp-json\/wp\/v2\/pages\/3\/revisions"}],"wp:attachment":[{"href":"https:\/\/abfinsaat.com\/index.php\/wp-json\/wp\/v2\/media?parent=3"}],"curies":[{"name":"wp","href":"https:\/\/api.w.org\/{rel}","templated":true}]}}