{"id":9512,"date":"2024-02-19T06:39:32","date_gmt":"2024-02-19T03:39:32","guid":{"rendered":"https:\/\/abfinsaat.com\/?page_id=9512"},"modified":"2024-07-16T16:16:27","modified_gmt":"2024-07-16T13:16:27","slug":"tadilat-dekorasyon","status":"publish","type":"page","link":"https:\/\/abfinsaat.com\/index.php\/tadilat-dekorasyon\/","title":{"rendered":"Tadilat Dekorasyon"},"content":{"rendered":"<div class=\"wpb-content-wrapper\"><p>[vc_row][vc_column]\r\n\t<div class=\"bauer-spacer clearfix\" data-desktop=\"60\" data-mobi=\"30\" data-smobi=\"30\"><\/div><h2 class=\"bauer-special-text text-center\">\r\n        <span style=\"font-family:;\">Tadilat Dekorasyon<\/span><span style=\"font-family:;\"><\/span><span style=\"font-family:;\"><\/span>\r\n    <\/h2><div class=\"bauer-text-group clearfix text-center\"  style=\"\"><div class=\"group-1 \" style=\"\">\r\n\t\tM\u00fc\u015fterilerimizin ya\u015fam alanlar\u0131n\u0131 daha kullan\u0131\u015fl\u0131, modern ve estetik hale getirmek i\u00e7in ABF Gayrimenkul Yat\u0131r\u0131m \u0130n\u015faat olarak profesyonel tadilat ve dekorasyon hizmetleri sunuyoruz.<\/p>\n<p>Uzman mimarlar\u0131m\u0131z ve i\u00e7 tasar\u0131m ekibimiz, projelerin her a\u015famas\u0131nda m\u00fc\u015fterilerimizin beklentilerini yak\u0131ndan takip ediyor. Geni\u015f \u00fcr\u00fcn yelpazemiz ve yarat\u0131c\u0131 fikirlerimizle, hayallerinizdeki ya\u015fam alanlar\u0131n\u0131 ger\u00e7e\u011fe d\u00f6n\u00fc\u015ft\u00fcr\u00fcyoruz.<\/p>\n<p>Tadilat projelerinde, mevcut mek\u00e2nlar\u0131n i\u015flevselli\u011fini art\u0131racak \u00e7\u00f6z\u00fcmler geli\u015ftiriyor, yeni i\u015flevler kazand\u0131r\u0131yoruz. Duvar, zemin ve tavan kaplama se\u00e7enekleri, mobilya d\u00fczenlemeleri, ayd\u0131nlatma sistemleri gibi her detay\u0131 \u00f6zenle planl\u0131yoruz.<\/p>\n<p>\r\n\t<\/div><div class=\"group-2 \" style=\"\">\r\n\t\tDekorasyon hizmetlerimizde ise, mek\u00e2nlar\u0131 zevkinize ve ihtiya\u00e7lar\u0131n\u0131za uygun olarak yeniden tasarl\u0131yoruz. Renk se\u00e7imleri, kuma\u015f ve doku se\u00e7imleri, aksesuarlar ve dekoratif \u00f6geler konusunda size ilham veriyoruz.<\/p>\n<p>Projelerimizde kulland\u0131\u011f\u0131m\u0131z y\u00fcksek kaliteli malzemeler, deneyimli ekibimiz ve \u00f6zenli \u00e7al\u0131\u015fma anlay\u0131\u015f\u0131m\u0131z sayesinde, i\u015flerinizi minimum zaman ve maliyet ile tamaml\u0131yoruz. M\u00fc\u015fteri memnuniyeti en \u00f6ncelikli hedefimiz.<\/p>\n<p>ABF Gayrimenkul Yat\u0131r\u0131m \u0130n\u015faat olarak, konut, ofis, ma\u011faza gibi t\u00fcm ya\u015fam alanlar\u0131n\u0131z\u0131n tadilat ve dekorasyonu konusunda size profesyonel \u00e7\u00f6z\u00fcmler sunmaktan gurur duyuyoruz.\r\n\t<\/div><\/div>\r\n\t<div class=\"bauer-spacer clearfix\" data-desktop=\"60\" data-mobi=\"30\" data-smobi=\"30\"><\/div>[vc_btn title=&#8221;TAMAMLANAN BAZI PROJELER\u0130M\u0130Z&#8221; color=&#8221;primary&#8221; size=&#8221;lg&#8221; align=&#8221;center&#8221; link=&#8221;url:https%3A%2F%2Fabfinsaat.com%2Findex.php%2Fproject_category%2Ftadilat-dekorasyon%2F|target:_blank&#8221;][\/vc_column][\/vc_row]<\/p>\n<\/div>","protected":false},"excerpt":{"rendered":"<p>[vc_row][vc_column][vc_btn title=&#8221;TAMAMLANAN BAZI PROJELER\u0130M\u0130Z&#8221; color=&#8221;primary&#8221; size=&#8221;lg&#8221; align=&#8221;center&#8221; link=&#8221;url:https%3A%2F%2Fabfinsaat.com%2Findex.php%2Fproject_category%2Ftadilat-dekorasyon%2F|target:_blank&#8221;][\/vc_column][\/vc_row]<\/p>\n","protected":false},"author":1,"featured_media":0,"parent":0,"menu_order":0,"comment_status":"closed","ping_status":"open","template":"","meta":{"_joinchat":[],"footnotes":""},"class_list":["post-9512","page","type-page","status-publish","hentry"],"aioseo_notices":[],"_links":{"self":[{"href":"https:\/\/abfinsaat.com\/index.php\/wp-json\/wp\/v2\/pages\/9512","targetHints":{"allow":["GET"]}}],"collection":[{"href":"https:\/\/abfinsaat.com\/index.php\/wp-json\/wp\/v2\/pages"}],"about":[{"href":"https:\/\/abfinsaat.com\/index.php\/wp-json\/wp\/v2\/types\/page"}],"author":[{"embeddable":true,"href":"https:\/\/abfinsaat.com\/index.php\/wp-json\/wp\/v2\/users\/1"}],"replies":[{"embeddable":true,"href":"https:\/\/abfinsaat.com\/index.php\/wp-json\/wp\/v2\/comments?post=9512"}],"version-history":[{"count":0,"href":"https:\/\/abfinsaat.com\/index.php\/wp-json\/wp\/v2\/pages\/9512\/revisions"}],"wp:attachment":[{"href":"https:\/\/abfinsaat.com\/index.php\/wp-json\/wp\/v2\/media?parent=9512"}],"curies":[{"name":"wp","href":"https:\/\/api.w.org\/{rel}","templated":true}]}}