{"id":9515,"date":"2024-02-19T06:40:43","date_gmt":"2024-02-19T03:40:43","guid":{"rendered":"https:\/\/abfinsaat.com\/?page_id=9515"},"modified":"2024-07-16T16:57:26","modified_gmt":"2024-07-16T13:57:26","slug":"muhendislik-hizmetleri","status":"publish","type":"page","link":"https:\/\/abfinsaat.com\/index.php\/muhendislik-hizmetleri\/","title":{"rendered":"M\u00fchendislik Hizmetleri"},"content":{"rendered":"<div class=\"wpb-content-wrapper\"><p>[vc_row][vc_column]\r\n\t<div class=\"bauer-spacer clearfix\" data-desktop=\"60\" data-mobi=\"30\" data-smobi=\"30\"><\/div><h2 class=\"bauer-special-text text-center\">\r\n        <span style=\"font-family:;\">M\u00fchendislik Hizmetleri<\/span><span style=\"font-family:;\"><\/span><span style=\"font-family:;\"><\/span>\r\n    <\/h2><div class=\"bauer-text-group clearfix \"  style=\"\"><div class=\"group-1 \" style=\"\">\r\n\t\tM\u00fc\u015fterilerimizin ihtiya\u00e7lar\u0131na y\u00f6nelik en uygun m\u00fchendislik \u00e7\u00f6z\u00fcmlerini sunmak i\u00e7in, uzman m\u00fchendislerden olu\u015fan g\u00fc\u00e7l\u00fc bir ekiple \u00e7al\u0131\u015f\u0131yoruz.<\/p>\n<p>B\u00fcnyemizde proje y\u00f6netimi, in\u015faat m\u00fchendisli\u011fi, makine m\u00fchendisli\u011fi, elektrik-elektronik m\u00fchendisli\u011fi, mimarl\u0131k, ma\u011faza dizayn\u0131 gibi \u00e7e\u015fitli uzmanl\u0131k alanlar\u0131nda deneyimli profesyoneller bulunuyor.<\/p>\n<p>M\u00fc\u015fterilerimize sundu\u011fumuz kapsaml\u0131 m\u00fchendislik hizmetleri \u015funlar\u0131 i\u00e7eriyor:<\/p>\n<p>- Mevcut yap\u0131lar\u0131n teknik analizleri ve raporlanmas\u0131<br \/>\n- Statik, statik-dinamik ve deprem hesaplar\u0131<br \/>\n- Mekanik, elektrik, tesisat sistemlerinin tasar\u0131m\u0131<br \/>\n- Altyap\u0131 ve \u00fcstyap\u0131 projelendirme<br \/>\n- Proje y\u00f6netimi ve uygulama kontrolleri<br \/>\n- \u0130zinler ve ruhsatland\u0131rma i\u015flemleri<\/p>\n<p>1. Kentsel Yenileme (D\u00f6n\u00fc\u015f\u00fcm) Projeleri<\/p>\n<p>. Haksahiplili\u011fi<br \/>\n. De\u011ferlemeleri<br \/>\n. Fizibilite Analizleri<br \/>\n. Finansman Modelleri<br \/>\n. Proje Ortakl\u0131klar\u0131<br \/>\n. Tasar\u0131m ve Uygulama Projeleri<\/p>\n<p>2. Kentsel Planlama<\/p>\n<p>. \u00c7evre D\u00fczeni Planlar\u0131<br \/>\n. Naz\u0131m \u0130mar Planlar\u0131<br \/>\n. Uygulama \u0130mar Planlar\u0131<br \/>\n. Koruma Ama\u00e7l\u0131 \u0130mar Planlar\u0131<br \/>\n. Mevzii \u0130mar Planlar\u0131<br \/>\n. Kentsel D\u00f6n\u00fc\u015f\u00fcm Planlar\u0131<br \/>\n. Plan De\u011fi\u015fikli\u011fi Hizmetleri<\/p>\n<p>3. Kentsel Tasar\u0131m Projeleri<\/p>\n<p>. Meydan Tasar\u0131m Projeleri<br \/>\n. Cadde-Sokak Tasar\u0131m Projeleri<br \/>\n. Cephe Rehabilitasyon Projeleri<br \/>\n. Tarihi Mekanlar\u0131<br \/>\n. \u0130yile\u015ftirme Projeleri<\/p>\n<p>4. Peyzaj Projeleri ve Uygulama Hizmetleri<\/p>\n<p>. Bitkisel ve Yap\u0131sal Tasar\u0131mlar<br \/>\n. Mekanik Proje ve Uygulamalar\u0131<br \/>\n. Peyzaj Uygulamalar\u0131<\/p>\n<p>5. Mimari Proje Hizmetleri<\/p>\n<p>. Tasar\u0131m Projeleri<br \/>\n. \u015eantiye ve Proje Y\u00f6netimi<br \/>\n. Taahh\u00fct Hizmetleri<\/p>\n<p>6. Ula\u015f\u0131m Planlama Hizmetleri<\/p>\n<p>7. Haritac\u0131l\u0131k Hizmetleri<\/p>\n<p>8. M\u00fchendislik Projeleri\r\n\t<\/div><div class=\"group-2 \" style=\"\">\r\n\t\tEkibimiz, g\u00fcncel mevzuat, teknik standartlar ve teknolojik yenilikler konusunda s\u00fcrekli kendini yenilemektedir. Kullan\u0131lan son teknolojik \u00e7\u00f6z\u00fcmler ve uygun maliyet y\u00f6netimi ile m\u00fc\u015fterilerimize katma de\u011fer yarat\u0131yoruz.<\/p>\n<p>ABF'nin g\u00fcvenilir m\u00fchendislik hizmetleri sayesinde, yap\u0131lar\u0131n\u0131z g\u00fcvenli, dayan\u0131kl\u0131, enerji verimli ve \u00e7evre dostu olacak. M\u00fc\u015fteri memnuniyetini \u00f6ncelikli hedef edinerek, t\u00fcm projelerinizde yan\u0131n\u0131zda olaca\u011f\u0131z.\r\n\t<\/div><\/div>\r\n\t<div class=\"bauer-spacer clearfix\" data-desktop=\"60\" data-mobi=\"30\" data-smobi=\"30\"><\/div>[vc_btn title=&#8221;TAMAMLANAN BAZI PROJELER\u0130M\u0130Z&#8221; color=&#8221;primary&#8221; size=&#8221;lg&#8221; align=&#8221;center&#8221; link=&#8221;url:https%3A%2F%2Fabfinsaat.com%2Findex.php%2Fproject_category%2Fmuhendislik-hizmetleri%2F|target:_blank&#8221;][\/vc_column][\/vc_row]<\/p>\n<\/div>","protected":false},"excerpt":{"rendered":"<p>[vc_row][vc_column][vc_btn title=&#8221;TAMAMLANAN BAZI PROJELER\u0130M\u0130Z&#8221; color=&#8221;primary&#8221; size=&#8221;lg&#8221; align=&#8221;center&#8221; link=&#8221;url:https%3A%2F%2Fabfinsaat.com%2Findex.php%2Fproject_category%2Fmuhendislik-hizmetleri%2F|target:_blank&#8221;][\/vc_column][\/vc_row]<\/p>\n","protected":false},"author":1,"featured_media":0,"parent":0,"menu_order":0,"comment_status":"closed","ping_status":"open","template":"","meta":{"_joinchat":[],"footnotes":""},"class_list":["post-9515","page","type-page","status-publish","hentry"],"aioseo_notices":[],"_links":{"self":[{"href":"https:\/\/abfinsaat.com\/index.php\/wp-json\/wp\/v2\/pages\/9515","targetHints":{"allow":["GET"]}}],"collection":[{"href":"https:\/\/abfinsaat.com\/index.php\/wp-json\/wp\/v2\/pages"}],"about":[{"href":"https:\/\/abfinsaat.com\/index.php\/wp-json\/wp\/v2\/types\/page"}],"author":[{"embeddable":true,"href":"https:\/\/abfinsaat.com\/index.php\/wp-json\/wp\/v2\/users\/1"}],"replies":[{"embeddable":true,"href":"https:\/\/abfinsaat.com\/index.php\/wp-json\/wp\/v2\/comments?post=9515"}],"version-history":[{"count":0,"href":"https:\/\/abfinsaat.com\/index.php\/wp-json\/wp\/v2\/pages\/9515\/revisions"}],"wp:attachment":[{"href":"https:\/\/abfinsaat.com\/index.php\/wp-json\/wp\/v2\/media?parent=9515"}],"curies":[{"name":"wp","href":"https:\/\/api.w.org\/{rel}","templated":true}]}}