{"id":9547,"date":"2024-02-19T07:20:02","date_gmt":"2024-02-19T04:20:02","guid":{"rendered":"https:\/\/abfinsaat.com\/?page_id=9547"},"modified":"2024-07-29T00:49:32","modified_gmt":"2024-07-28T21:49:32","slug":"3d-modelleme","status":"publish","type":"page","link":"https:\/\/abfinsaat.com\/index.php\/muhendislik-hizmetleri\/3d-modelleme\/","title":{"rendered":"3D Modelleme"},"content":{"rendered":"<div class=\"wpb-content-wrapper\"><p>[vc_row][vc_column]\r\n\t<div class=\"bauer-spacer clearfix\" data-desktop=\"60\" data-mobi=\"30\" data-smobi=\"30\"><\/div><h2 class=\"bauer-special-text text-center\">\r\n        <span style=\"font-family:;\">3D Modelleme<\/span><span style=\"font-family:;\"><\/span><span style=\"font-family:;\"><\/span>\r\n    <\/h2>[vc_column_text]<a href=\"http:\/\/abfinsaat.com\">ABF Gayrimenkul Yat\u0131r\u0131m \u0130n\u015faat<\/a> olarak, 3D modelleme alan\u0131nda \u00f6nc\u00fc yakla\u015f\u0131mlar\u0131m\u0131z ve ileri teknoloji ekipmanlar\u0131m\u0131zla projelerimize katma de\u011fer sa\u011fl\u0131yoruz. Ekibimiz, en son BIM (Bina Bilgi Modellemesi) uygulamalar\u0131n\u0131 kullanarak, m\u00fc\u015fterilerimiz i\u00e7in ger\u00e7ek\u00e7i ve i\u015flevsel 3D modeller olu\u015fturuyor.<\/p>\n<p>3D modelleme hizmetlerimiz \u015fu ba\u015fl\u0131klar\u0131 kapsar:<\/p>\n<p>1. Proje Konsept Geli\u015ftirme:<\/p>\n<ul>\n<li>Konsept tasar\u0131m ve g\u00f6rselle\u015ftirme<\/li>\n<li>Arazinin 3D modellenmesi<\/li>\n<li>Kullan\u0131c\u0131 deneyimi sim\u00fclasyonlar\u0131<\/li>\n<\/ul>\n<p>2. Tasar\u0131m Detayland\u0131rma:<\/p>\n<ul>\n<li>Mimari, statik ve tesisat sistemlerinin modellenmesi<\/li>\n<li>Malzeme ve renk se\u00e7eneklerinin sunumu<\/li>\n<li>\u00c7at\u0131, cephe ve i\u00e7 mekan \u00e7\u00f6z\u00fcmlerinin 3D g\u00f6sterimi<\/li>\n<\/ul>\n<p>3. \u0130n\u015faat Planlama ve Y\u00f6netimi:<\/p>\n<ul>\n<li>4D ve 5D BIM uygulamalar\u0131<\/li>\n<li>\u00dcretim ve montaj sim\u00fclasyonlar\u0131<\/li>\n<li>\u0130\u015f ak\u0131\u015f optimizasyonu ve koordinasyon<\/li>\n<\/ul>\n<p>4. G\u00f6rselle\u015ftirme ve Sunum:<\/p>\n<ul>\n<li>Fotoger\u00e7ek\u00e7i 3D render g\u00f6rselleri<\/li>\n<li>360 derece sanal tur uygulamalar\u0131<\/li>\n<li>Art\u0131r\u0131lm\u0131\u015f ger\u00e7eklik (AR) entegrasyonlar\u0131<\/li>\n<\/ul>\n<p>&nbsp;<\/p>\n<p><img loading=\"lazy\" decoding=\"async\" src=\"https:\/\/abfinsaat.com\/wp-content\/uploads\/2024\/02\/3d-modelleme.jpg-300x169.webp\" alt=\"\" width=\"300\" height=\"169\" class=\"size-medium wp-image-9550 aligncenter\" srcset=\"https:\/\/abfinsaat.com\/wp-content\/uploads\/2024\/02\/3d-modelleme.jpg-300x169.webp 300w, https:\/\/abfinsaat.com\/wp-content\/uploads\/2024\/02\/3d-modelleme.jpg-768x432.webp 768w, https:\/\/abfinsaat.com\/wp-content\/uploads\/2024\/02\/3d-modelleme.jpg-870x489.webp 870w, https:\/\/abfinsaat.com\/wp-content\/uploads\/2024\/02\/3d-modelleme.jpg-640x360.webp 640w, https:\/\/abfinsaat.com\/wp-content\/uploads\/2024\/02\/3d-modelleme.jpg-480x270.webp 480w, https:\/\/abfinsaat.com\/wp-content\/uploads\/2024\/02\/3d-modelleme.jpg.webp 1024w\" sizes=\"auto, (max-width: 300px) 100vw, 300px\" \/><\/p>\n<p>Ekibimiz, BIM i\u015fbirli\u011fine dayal\u0131 bir yakla\u015f\u0131mla \u00e7al\u0131\u015f\u0131r ve proje payda\u015flar\u0131 aras\u0131ndaki koordinasyonu g\u00fc\u00e7lendirir. M\u00fc\u015fterilerimize zaman ve maliyet tasarrufu sa\u011flarken, beklentilerini \u00fcst d\u00fczeyde kar\u015f\u0131layan sonu\u00e7lar sunar\u0131z.[\/vc_column_text]\r\n\t<div class=\"bauer-spacer clearfix\" data-desktop=\"60\" data-mobi=\"30\" data-smobi=\"30\"><\/div>[vc_btn title=&#8221;TAMAMLANAN BAZI PROJELER\u0130M\u0130Z&#8221; color=&#8221;primary&#8221; size=&#8221;lg&#8221; align=&#8221;center&#8221; link=&#8221;url:https%3A%2F%2Fabfinsaat.com%2Findex.php%2Fproject_category%2F3d-modelleme%2F|target:_blank&#8221;][\/vc_column][\/vc_row]<\/p>\n<\/div>","protected":false},"excerpt":{"rendered":"<p>[vc_row][vc_column][vc_column_text]ABF Gayrimenkul Yat\u0131r\u0131m \u0130n\u015faat olarak, 3D modelleme alan\u0131nda \u00f6nc\u00fc yakla\u015f\u0131mlar\u0131m\u0131z ve ileri teknoloji ekipmanlar\u0131m\u0131zla projelerimize katma de\u011fer sa\u011fl\u0131yoruz. Ekibimiz, en son BIM (Bina Bilgi Modellemesi) uygulamalar\u0131n\u0131 kullanarak, m\u00fc\u015fterilerimiz i\u00e7in ger\u00e7ek\u00e7i ve i\u015flevsel 3D modeller olu\u015fturuyor. 3D modelleme hizmetlerimiz \u015fu ba\u015fl\u0131klar\u0131 kapsar: 1. Proje Konsept Geli\u015ftirme: Konsept tasar\u0131m ve g\u00f6rselle\u015ftirme Arazinin<\/p>\n","protected":false},"author":1,"featured_media":0,"parent":9515,"menu_order":0,"comment_status":"closed","ping_status":"closed","template":"","meta":{"_joinchat":[],"footnotes":""},"class_list":["post-9547","page","type-page","status-publish","hentry"],"aioseo_notices":[],"_links":{"self":[{"href":"https:\/\/abfinsaat.com\/index.php\/wp-json\/wp\/v2\/pages\/9547","targetHints":{"allow":["GET"]}}],"collection":[{"href":"https:\/\/abfinsaat.com\/index.php\/wp-json\/wp\/v2\/pages"}],"about":[{"href":"https:\/\/abfinsaat.com\/index.php\/wp-json\/wp\/v2\/types\/page"}],"author":[{"embeddable":true,"href":"https:\/\/abfinsaat.com\/index.php\/wp-json\/wp\/v2\/users\/1"}],"replies":[{"embeddable":true,"href":"https:\/\/abfinsaat.com\/index.php\/wp-json\/wp\/v2\/comments?post=9547"}],"version-history":[{"count":0,"href":"https:\/\/abfinsaat.com\/index.php\/wp-json\/wp\/v2\/pages\/9547\/revisions"}],"up":[{"embeddable":true,"href":"https:\/\/abfinsaat.com\/index.php\/wp-json\/wp\/v2\/pages\/9515"}],"wp:attachment":[{"href":"https:\/\/abfinsaat.com\/index.php\/wp-json\/wp\/v2\/media?parent=9547"}],"curies":[{"name":"wp","href":"https:\/\/api.w.org\/{rel}","templated":true}]}}