{"id":9552,"date":"2024-02-19T07:22:49","date_gmt":"2024-02-19T04:22:49","guid":{"rendered":"https:\/\/abfinsaat.com\/?page_id=9552"},"modified":"2024-07-29T00:52:26","modified_gmt":"2024-07-28T21:52:26","slug":"proje-danismanlik","status":"publish","type":"page","link":"https:\/\/abfinsaat.com\/index.php\/muhendislik-hizmetleri\/proje-danismanlik\/","title":{"rendered":"Proje Dan\u0131\u015fmanl\u0131k"},"content":{"rendered":"<div class=\"wpb-content-wrapper\"><p>[vc_row][vc_column]\r\n\t<div class=\"bauer-spacer clearfix\" data-desktop=\"60\" data-mobi=\"30\" data-smobi=\"30\"><\/div><h2 class=\"bauer-special-text text-center\">\r\n        <span style=\"font-family:;\">Proje Dan\u0131\u015fmanl\u0131k<\/span><span style=\"font-family:;\"><\/span><span style=\"font-family:;\"><\/span>\r\n    <\/h2>[vc_column_text]ABF Gayrimenkul Yat\u0131r\u0131m \u0130n\u015faat olarak, proje dan\u0131\u015fmanl\u0131\u011f\u0131 alan\u0131nda uzman ekibimizle m\u00fc\u015fterilerimize kapsaml\u0131 \u00e7\u00f6z\u00fcmler sunuyoruz. Geni\u015f deneyimimiz ve sekt\u00f6rel bilgimiz sayesinde, projelerin t\u00fcm a\u015famalar\u0131nda etkin destek veriyoruz.<\/p>\n<p>Proje dan\u0131\u015fmanl\u0131k hizmetlerimiz \u015fu ba\u015fl\u0131klar\u0131 i\u00e7erir:<\/p>\n<p>1. \u00d6n Fizibilite \u00c7al\u0131\u015fmalar\u0131:<\/p>\n<ul>\n<li>Arazi ve konum analizleri<\/li>\n<li>Yap\u0131labilirlik ve maliyet tahminleri<\/li>\n<li>Yat\u0131r\u0131m planlamas\u0131 ve risk de\u011ferlendirmesi<\/li>\n<li>Konsept Tasar\u0131m ve Geli\u015ftirme:<\/li>\n<li>Mimari ve m\u00fchendislik konsept \u00e7al\u0131\u015fmalar\u0131<\/li>\n<li>\u0130\u015flevsellik, estetik ve s\u00fcrd\u00fcr\u00fclebilirlik de\u011ferlendirmeleri<\/li>\n<li>Yenilik\u00e7i \u00e7\u00f6z\u00fcm \u00f6nerileri<\/li>\n<\/ul>\n<p>2. Proje Y\u00f6netimi ve Koordinasyon:<\/p>\n<ul>\n<li>Zaman, maliyet ve kalite kontrol\u00fc<\/li>\n<li>Payda\u015f ileti\u015fimi ve sorun \u00e7\u00f6z\u00fcm\u00fc<\/li>\n<li>\u0130zleme, raporlama ve de\u011ferlendirme<\/li>\n<\/ul>\n<p>3. Mevzuat ve Onay S\u00fcre\u00e7leri:<\/p>\n<ul>\n<li>\u0130lgili y\u00f6netmelik ve reg\u00fclasyonlar\u0131n takibi<\/li>\n<li>Gerekli izin ve ruhsat i\u015flemlerinin y\u00fcr\u00fct\u00fclmesi<\/li>\n<li>Kurumlarla etkili ileti\u015fim ve s\u00fcre\u00e7 y\u00f6netimi<\/li>\n<\/ul>\n<p>Sat\u0131\u015f ve Pazarlama Deste\u011fi:<\/p>\n<ul>\n<li>Hedef kitleye y\u00f6nelik pazarlama stratejileri<\/li>\n<li>G\u00f6rsel materyallerin ve sunumlar\u0131n haz\u0131rlanmas\u0131<\/li>\n<li>Sat\u0131\u015f ve kiralama faaliyetlerinin koordinasyonu<\/li>\n<\/ul>\n<p>Ekibimiz, proje ya\u015fam d\u00f6ng\u00fcs\u00fcn\u00fcn t\u00fcm a\u015famalar\u0131nda m\u00fc\u015fterilerimizin ihtiya\u00e7lar\u0131n\u0131 en \u00fcst d\u00fczeyde kar\u015f\u0131lamak i\u00e7in \u00e7al\u0131\u015f\u0131r. Yenilik\u00e7i yakla\u015f\u0131mlar\u0131m\u0131z ve teknolojik altyap\u0131m\u0131z sayesinde, projelerinize de\u011fer katan sonu\u00e7lar \u00fcretiyoruz.[\/vc_column_text]\r\n\t<div class=\"bauer-spacer clearfix\" data-desktop=\"60\" data-mobi=\"30\" data-smobi=\"30\"><\/div>[vc_btn title=&#8221;TAMAMLANAN BAZI PROJELER\u0130M\u0130Z&#8221; color=&#8221;primary&#8221; size=&#8221;lg&#8221; align=&#8221;center&#8221; link=&#8221;url:https%3A%2F%2Fabfinsaat.com%2Findex.php%2Fproject_category%2Fproje-danismanlik%2F|target:_blank&#8221;][\/vc_column][\/vc_row]<\/p>\n<\/div>","protected":false},"excerpt":{"rendered":"<p>[vc_row][vc_column][vc_column_text]ABF Gayrimenkul Yat\u0131r\u0131m \u0130n\u015faat olarak, proje dan\u0131\u015fmanl\u0131\u011f\u0131 alan\u0131nda uzman ekibimizle m\u00fc\u015fterilerimize kapsaml\u0131 \u00e7\u00f6z\u00fcmler sunuyoruz. Geni\u015f deneyimimiz ve sekt\u00f6rel bilgimiz sayesinde, projelerin t\u00fcm a\u015famalar\u0131nda etkin destek veriyoruz. Proje dan\u0131\u015fmanl\u0131k hizmetlerimiz \u015fu ba\u015fl\u0131klar\u0131 i\u00e7erir: 1. \u00d6n Fizibilite \u00c7al\u0131\u015fmalar\u0131: Arazi ve konum analizleri Yap\u0131labilirlik ve maliyet tahminleri Yat\u0131r\u0131m planlamas\u0131 ve risk de\u011ferlendirmesi Konsept<\/p>\n","protected":false},"author":1,"featured_media":0,"parent":9515,"menu_order":0,"comment_status":"closed","ping_status":"closed","template":"","meta":{"_joinchat":[],"footnotes":""},"class_list":["post-9552","page","type-page","status-publish","hentry"],"aioseo_notices":[],"_links":{"self":[{"href":"https:\/\/abfinsaat.com\/index.php\/wp-json\/wp\/v2\/pages\/9552","targetHints":{"allow":["GET"]}}],"collection":[{"href":"https:\/\/abfinsaat.com\/index.php\/wp-json\/wp\/v2\/pages"}],"about":[{"href":"https:\/\/abfinsaat.com\/index.php\/wp-json\/wp\/v2\/types\/page"}],"author":[{"embeddable":true,"href":"https:\/\/abfinsaat.com\/index.php\/wp-json\/wp\/v2\/users\/1"}],"replies":[{"embeddable":true,"href":"https:\/\/abfinsaat.com\/index.php\/wp-json\/wp\/v2\/comments?post=9552"}],"version-history":[{"count":0,"href":"https:\/\/abfinsaat.com\/index.php\/wp-json\/wp\/v2\/pages\/9552\/revisions"}],"up":[{"embeddable":true,"href":"https:\/\/abfinsaat.com\/index.php\/wp-json\/wp\/v2\/pages\/9515"}],"wp:attachment":[{"href":"https:\/\/abfinsaat.com\/index.php\/wp-json\/wp\/v2\/media?parent=9552"}],"curies":[{"name":"wp","href":"https:\/\/api.w.org\/{rel}","templated":true}]}}