{"id":9800,"date":"2024-07-29T00:28:18","date_gmt":"2024-07-28T21:28:18","guid":{"rendered":"https:\/\/abfinsaat.com\/?page_id=9800"},"modified":"2024-07-29T06:01:12","modified_gmt":"2024-07-29T03:01:12","slug":"betonarme-yapi","status":"publish","type":"page","link":"https:\/\/abfinsaat.com\/index.php\/endustriyel-yapilar\/betonarme-yapi\/","title":{"rendered":"Betonarme Yap\u0131"},"content":{"rendered":"<div class=\"wpb-content-wrapper\"><p>[vc_row][vc_column]\r\n\t<div class=\"bauer-spacer clearfix\" data-desktop=\"60\" data-mobi=\"30\" data-smobi=\"30\"><\/div><h2 class=\"bauer-special-text text-center\">\r\n        <span style=\"font-family:;\">Betonarme Yap\u0131<\/span><span style=\"font-family:;\"><\/span><span style=\"font-family:;\"><\/span>\r\n    <\/h2>[vc_column_text]Yap\u0131 sekt\u00f6r\u00fc, g\u00fcn\u00fcm\u00fczde kar\u015f\u0131la\u015ft\u0131\u011f\u0131 \u00e7e\u015fitli zorluklara \u00e7\u00f6z\u00fcm bulmak i\u00e7in yeni teknolojiler ve malzemeler geli\u015ftirmektedir. Bu ba\u011flamda, betonarme yap\u0131lar \u00f6nemli bir yer tutmaktad\u0131r. Betonarme yap\u0131lar, \u00e7elik donat\u0131lar\u0131n beton i\u00e7erisine g\u00f6m\u00fclmesiyle olu\u015fan kompozit bir yap\u0131d\u0131r. Bu makale, betonarme yap\u0131lar\u0131n avantajlar\u0131n\u0131, g\u00fcncel uygulamalar\u0131n\u0131 ve gelecekteki potansiyelini inceleyecektir.<\/p>\n<h4>Betonarme Yap\u0131lar\u0131n Avantajlar\u0131<\/h4>\n<p>Betonarme yap\u0131lar, bir\u00e7ok a\u00e7\u0131dan di\u011fer yap\u0131m y\u00f6ntemlerine g\u00f6re \u00fcst\u00fcnl\u00fck sa\u011flar. \u0130lk olarak, betonarme yap\u0131lar y\u00fcksek dayan\u0131kl\u0131l\u0131k ve sa\u011flaml\u0131k sunar. \u00c7elik donat\u0131lar, betonun zay\u0131f kald\u0131\u011f\u0131 \u00e7ekme gerilmelerini kar\u015f\u0131lar, b\u00f6ylece yap\u0131n\u0131n b\u00fct\u00fcnl\u00fc\u011f\u00fc korunur. Bu \u00f6zellik, \u00f6zellikle deprem b\u00f6lgelerinde \u00f6nemli bir avantaj olu\u015fturur.<\/p>\n<p>Ayr\u0131ca, betonarme yap\u0131lar yang\u0131na ve korozyona kar\u015f\u0131 y\u00fcksek diren\u00e7 g\u00f6sterir. Betonun koruyucu \u00f6zelli\u011fi sayesinde, yap\u0131n\u0131n g\u00fcvenli\u011fi ve kullan\u0131m \u00f6mr\u00fc artar. Bunun yan\u0131 s\u0131ra, betonarme yap\u0131lar, tasar\u0131m esnekli\u011fi ve mod\u00fcler yap\u0131lanma imkan\u0131 sunar. Farkl\u0131 mimari \u00e7\u00f6z\u00fcmler ve i\u00e7 mek\u00e2n d\u00fczenlemeleri, betonarme yap\u0131lar\u0131n g\u00fc\u00e7l\u00fc bir avantaj\u0131d\u0131r.<\/p>\n<h4>G\u00fcncel Betonarme Yap\u0131 Uygulamalar\u0131<\/h4>\n<p>Betonarme yap\u0131lar, g\u00fcn\u00fcm\u00fczde bir\u00e7ok alanda yayg\u0131n olarak kullan\u0131lmaktad\u0131r. Konutlar, ofisler, ticari binalar, e\u011fitim ve sa\u011fl\u0131k tesisleri gibi bir\u00e7ok yap\u0131 tipi betonarme sistem ile in\u015fa edilmektedir. Ayr\u0131ca, k\u00f6pr\u00fcler, barajlar, limanlar ve havalimanlar\u0131 gibi altyap\u0131 projelerinde de betonarme teknolojisi \u00f6nemli bir rol oynamaktad\u0131r.<\/p>\n<p>Son y\u0131llarda, y\u00fcksek katl\u0131 betonarme binalar, prefabrike betonarme elemanlar ve ak\u0131ll\u0131 bina teknolojileriyle entegre betonarme sistemler \u00f6ne \u00e7\u0131kmaktad\u0131r. Bu geli\u015fmeler, betonarme yap\u0131lar\u0131n kullan\u0131m alan\u0131n\u0131 geni\u015fletmekte ve yap\u0131 sekt\u00f6r\u00fcn\u00fcn gelece\u011fini \u015fekillendirmektedir.<\/p>\n<h4>Gelece\u011fin Betonarme Yap\u0131lar\u0131<\/h4>\n<p>Betonarme yap\u0131lar, gelecekte daha da \u00f6nem kazanacakt\u0131r. Teknolojik ilerlemeler, betonarme malzemelerin ve \u00fcretim y\u00f6ntemlerinin geli\u015ftirilmesine olanak sa\u011flayacakt\u0131r. Y\u00fcksek performansl\u0131 betonlar, fiber takviyeli betonlar ve ak\u0131ll\u0131 betonarme sistemler, betonarme yap\u0131lar\u0131n dayan\u0131kl\u0131l\u0131k, g\u00fcvenlik ve s\u00fcrd\u00fcr\u00fclebilirlik \u00f6zelliklerini g\u00fc\u00e7lendirecektir.<\/p>\n<p>Ayr\u0131ca, yapay zeka ve BIM (Bina Bilgi Modellemesi) teknolojileri, betonarme yap\u0131lar\u0131n tasar\u0131m, \u00fcretim ve y\u00f6netim s\u00fcre\u00e7lerini daha verimli hale getirecektir. Bu geli\u015fmeler, betonarme yap\u0131lar\u0131n maliyetlerini d\u00fc\u015f\u00fcrecek ve daha geni\u015f kitlelere eri\u015febilir hale getirecektir.<\/p>\n<p>Betonarme yap\u0131lar, yap\u0131 sekt\u00f6r\u00fcn\u00fcn temel ta\u015flar\u0131ndan biridir. Dayan\u0131kl\u0131l\u0131k, g\u00fcvenlik, esneklik ve s\u00fcrd\u00fcr\u00fclebilirlik gibi avantajlar\u0131yla \u00f6ne \u00e7\u0131kan betonarme yap\u0131lar, g\u00fcn\u00fcm\u00fczde ve gelecekte \u00f6nemli bir rol oynamaya devam edecektir. Bu makalede, betonarme yap\u0131lar\u0131n \u00f6zellikleri, g\u00fcncel uygulamalar\u0131 ve gelece\u011fe d\u00f6n\u00fck potansiyeli ele al\u0131nm\u0131\u015ft\u0131r. Betonarme yap\u0131lar, daha g\u00fcvenli, daha dayan\u0131kl\u0131 ve daha s\u00fcrd\u00fcr\u00fclebilir bir yap\u0131 \u00e7evresi olu\u015fturulmas\u0131nda kilit bir unsur olacakt\u0131r.[\/vc_column_text]\r\n\t<div class=\"bauer-spacer clearfix\" data-desktop=\"60\" data-mobi=\"30\" data-smobi=\"30\"><\/div>[vc_btn title=&#8221;TAMAMLANAN BAZI PROJELER\u0130M\u0130Z&#8221; color=&#8221;primary&#8221; size=&#8221;lg&#8221; align=&#8221;center&#8221; link=&#8221;url:https%3A%2F%2Fabfinsaat.com%2Findex.php%2Fproject%2Fbetonarme-fabrika-binasi%2F|title:BETONARME%20FABR%C4%B0KA%20B%C4%B0NASI|target:_blank&#8221;][\/vc_column][\/vc_row]<\/p>\n<\/div>","protected":false},"excerpt":{"rendered":"<p>[vc_row][vc_column][vc_column_text]Yap\u0131 sekt\u00f6r\u00fc, g\u00fcn\u00fcm\u00fczde kar\u015f\u0131la\u015ft\u0131\u011f\u0131 \u00e7e\u015fitli zorluklara \u00e7\u00f6z\u00fcm bulmak i\u00e7in yeni teknolojiler ve malzemeler geli\u015ftirmektedir. Bu ba\u011flamda, betonarme yap\u0131lar \u00f6nemli bir yer tutmaktad\u0131r. Betonarme yap\u0131lar, \u00e7elik donat\u0131lar\u0131n beton i\u00e7erisine g\u00f6m\u00fclmesiyle olu\u015fan kompozit bir yap\u0131d\u0131r. Bu makale, betonarme yap\u0131lar\u0131n avantajlar\u0131n\u0131, g\u00fcncel uygulamalar\u0131n\u0131 ve gelecekteki potansiyelini inceleyecektir. Betonarme Yap\u0131lar\u0131n Avantajlar\u0131 Betonarme yap\u0131lar, bir\u00e7ok<\/p>\n","protected":false},"author":1,"featured_media":0,"parent":9505,"menu_order":0,"comment_status":"closed","ping_status":"closed","template":"","meta":{"_joinchat":[],"footnotes":""},"class_list":["post-9800","page","type-page","status-publish","hentry"],"aioseo_notices":[],"_links":{"self":[{"href":"https:\/\/abfinsaat.com\/index.php\/wp-json\/wp\/v2\/pages\/9800","targetHints":{"allow":["GET"]}}],"collection":[{"href":"https:\/\/abfinsaat.com\/index.php\/wp-json\/wp\/v2\/pages"}],"about":[{"href":"https:\/\/abfinsaat.com\/index.php\/wp-json\/wp\/v2\/types\/page"}],"author":[{"embeddable":true,"href":"https:\/\/abfinsaat.com\/index.php\/wp-json\/wp\/v2\/users\/1"}],"replies":[{"embeddable":true,"href":"https:\/\/abfinsaat.com\/index.php\/wp-json\/wp\/v2\/comments?post=9800"}],"version-history":[{"count":0,"href":"https:\/\/abfinsaat.com\/index.php\/wp-json\/wp\/v2\/pages\/9800\/revisions"}],"up":[{"embeddable":true,"href":"https:\/\/abfinsaat.com\/index.php\/wp-json\/wp\/v2\/pages\/9505"}],"wp:attachment":[{"href":"https:\/\/abfinsaat.com\/index.php\/wp-json\/wp\/v2\/media?parent=9800"}],"curies":[{"name":"wp","href":"https:\/\/api.w.org\/{rel}","templated":true}]}}